{"id":5044,"date":"2011-08-18T17:12:00","date_gmt":"2011-08-18T15:12:00","guid":{"rendered":"http:\/\/winneroil.com\/producto\/organico-g12\/"},"modified":"2017-09-07T12:02:10","modified_gmt":"2017-09-07T10:02:10","slug":"organico-g12","status":"publish","type":"product","link":"https:\/\/winneroil.com\/pt-pt\/produto\/organico-g12\/","title":{"rendered":"G12+"},"content":{"rendered":"<p class=\"p1\">Anticongelante refrigerante de uso directo em circuitos de refrigera\u00e7\u00e3o de todo o tipo de ve\u00edculos onde seja necess\u00e1rio um refrigerante de altas presta\u00e7\u00f5es e longa dura\u00e7\u00e3o em servi\u00e7o. Formulado \u00e0 base de etileno-glicol e aditivos de \u00faltima gera\u00e7\u00e3o.<\/p>\n","protected":false},"excerpt":{"rendered":"<p>UNE 26-361-88<br \/>\nASTM D3306\/D4985\/D4656<br \/>\nSAE J 1064<br \/>\nJASO M325<\/p>\n","protected":false},"featured_media":0,"comment_status":"open","ping_status":"closed","template":"","meta":[],"_links":{"self":[{"href":"https:\/\/winneroil.com\/pt-pt\/wp-json\/wp\/v2\/product\/5044"}],"collection":[{"href":"https:\/\/winneroil.com\/pt-pt\/wp-json\/wp\/v2\/product"}],"about":[{"href":"https:\/\/winneroil.com\/pt-pt\/wp-json\/wp\/v2\/types\/product"}],"replies":[{"embeddable":true,"href":"https:\/\/winneroil.com\/pt-pt\/wp-json\/wp\/v2\/comments?post=5044"}],"wp:attachment":[{"href":"https:\/\/winneroil.com\/pt-pt\/wp-json\/wp\/v2\/media?parent=5044"}],"curies":[{"name":"wp","href":"https:\/\/api.w.org\/{rel}","templated":true}]}}