{"id":5043,"date":"2011-08-18T17:12:00","date_gmt":"2011-08-18T15:12:00","guid":{"rendered":"http:\/\/winneroil.com\/producto\/organico-g-12\/"},"modified":"2017-09-07T11:59:46","modified_gmt":"2017-09-07T09:59:46","slug":"organico-g-12","status":"publish","type":"product","link":"https:\/\/winneroil.com\/pt-pt\/produto\/organico-g-12\/","title":{"rendered":"G-12"},"content":{"rendered":"<p class=\"p1\">Liquido protector para circuitos de refrigera\u00e7\u00e3o de ve\u00edculos industriais e grandes motores. Garante a adequada refrigera\u00e7\u00e3o e protec\u00e7\u00e3o anticongelante em temperaturas extremas. Atrasa o ponto de ebuli\u00e7\u00e3o e protege contra a corress\u00e3o.<\/p>\n","protected":false},"excerpt":{"rendered":"<p>VW TL-774D, MB 325.3<br \/>\nCATERPILLAR EC-1<br \/>\nGM 6277M, MAN 324 SNF<br \/>\nLEYLAND TRUCKS DW03245403<br \/>\nCHRYSLER MS 9176<\/p>\n","protected":false},"featured_media":0,"comment_status":"open","ping_status":"closed","template":"","meta":[],"_links":{"self":[{"href":"https:\/\/winneroil.com\/pt-pt\/wp-json\/wp\/v2\/product\/5043"}],"collection":[{"href":"https:\/\/winneroil.com\/pt-pt\/wp-json\/wp\/v2\/product"}],"about":[{"href":"https:\/\/winneroil.com\/pt-pt\/wp-json\/wp\/v2\/types\/product"}],"replies":[{"embeddable":true,"href":"https:\/\/winneroil.com\/pt-pt\/wp-json\/wp\/v2\/comments?post=5043"}],"wp:attachment":[{"href":"https:\/\/winneroil.com\/pt-pt\/wp-json\/wp\/v2\/media?parent=5043"}],"curies":[{"name":"wp","href":"https:\/\/api.w.org\/{rel}","templated":true}]}}