{"id":5038,"date":"2011-08-18T17:12:00","date_gmt":"2011-08-18T15:12:00","guid":{"rendered":"http:\/\/winneroil.com\/producto\/graswin-compleja-litio-sin-color\/"},"modified":"2017-06-08T13:29:54","modified_gmt":"2017-06-08T11:29:54","slug":"graswin-compleja-litio-sin-color","status":"publish","type":"product","link":"https:\/\/winneroil.com\/pt-pt\/produto\/graswin-compleja-litio-sin-color\/","title":{"rendered":"Graswin COMPLEJA LITIO SIN COLOR"},"content":{"rendered":"<p class=\"p1\">Massa de complexo de litio com aditivos antioxidantes, antocorrosivos e extrema press\u00e3o (EP). Suscept\u00edvel de se utilizar a altas temperaturas e velocidades m\u00e9dias\/baixas. Massa \u201cLong Life\u201d operando a temperaturas normais. Temperaturas de servi\u00e7o desde -30 at\u00e9 150\u00baC em lubrifica\u00e7\u00e3o cont\u00ednua. Boa resist\u00eancia \u00e1 agua. Desenvolvida para uso em rolamentos de rodas. Em geral pode utilizar-se em rolamentos, casquilhos, articula\u00e7\u00f5es, automotivos, maquinaria industrial, obras p\u00fablicas, minas e constru\u00e7\u00e3o naval.<\/p>\n","protected":false},"excerpt":{"rendered":"<p>Massa de complexo de litio com aditivos antioxidantes, antocorrosivos e extrema press\u00e3o (EP). Suscept\u00edvel de se utilizar a altas temperaturas e velocidades m\u00e9dias\/baixas. Massa \u201cLong Life\u201d operando a<a class=\"moretag\" href=\"https:\/\/winneroil.com\/pt-pt\/produto\/graswin-compleja-litio-sin-color\/\"> &#8230;[+]<\/a><\/p>\n","protected":false},"featured_media":0,"comment_status":"open","ping_status":"closed","template":"","meta":[],"_links":{"self":[{"href":"https:\/\/winneroil.com\/pt-pt\/wp-json\/wp\/v2\/product\/5038"}],"collection":[{"href":"https:\/\/winneroil.com\/pt-pt\/wp-json\/wp\/v2\/product"}],"about":[{"href":"https:\/\/winneroil.com\/pt-pt\/wp-json\/wp\/v2\/types\/product"}],"replies":[{"embeddable":true,"href":"https:\/\/winneroil.com\/pt-pt\/wp-json\/wp\/v2\/comments?post=5038"}],"wp:attachment":[{"href":"https:\/\/winneroil.com\/pt-pt\/wp-json\/wp\/v2\/media?parent=5038"}],"curies":[{"name":"wp","href":"https:\/\/api.w.org\/{rel}","templated":true}]}}