{"id":5037,"date":"2011-08-18T17:12:00","date_gmt":"2011-08-18T15:12:00","guid":{"rendered":"http:\/\/winneroil.com\/producto\/lava-parabrisas-verano\/"},"modified":"2017-06-08T13:33:25","modified_gmt":"2017-06-08T11:33:25","slug":"lava-parabrisas-verano","status":"publish","type":"product","link":"https:\/\/winneroil.com\/pt-pt\/produto\/lava-parabrisas-verano\/","title":{"rendered":"LAVA PARABRISAS VERANO"},"content":{"rendered":"<p class=\"p1\">L\u00edquido especialmente concebido para a limpeza dos p\u00e1ra-brisas dos<\/p>\n<p class=\"p1\">autom\u00f3veis durante o ver\u00e3o. Desengordura, limpa e remove<\/p>\n<p class=\"p1\">eficazmente mosquitos e outros incrusta\u00e7\u00f5es sem deixar vest\u00edgios<\/p>\n","protected":false},"excerpt":{"rendered":"<p>L\u00edquido especialmente concebido para a limpeza dos p\u00e1ra-brisas dos autom\u00f3veis durante o ver\u00e3o. Desengordura, limpa e remove eficazmente mosquitos e outros incrusta\u00e7\u00f5es sem deixar vest\u00edgios<\/p>\n","protected":false},"featured_media":0,"comment_status":"open","ping_status":"closed","template":"","meta":[],"_links":{"self":[{"href":"https:\/\/winneroil.com\/pt-pt\/wp-json\/wp\/v2\/product\/5037"}],"collection":[{"href":"https:\/\/winneroil.com\/pt-pt\/wp-json\/wp\/v2\/product"}],"about":[{"href":"https:\/\/winneroil.com\/pt-pt\/wp-json\/wp\/v2\/types\/product"}],"replies":[{"embeddable":true,"href":"https:\/\/winneroil.com\/pt-pt\/wp-json\/wp\/v2\/comments?post=5037"}],"wp:attachment":[{"href":"https:\/\/winneroil.com\/pt-pt\/wp-json\/wp\/v2\/media?parent=5037"}],"curies":[{"name":"wp","href":"https:\/\/api.w.org\/{rel}","templated":true}]}}