{"id":5036,"date":"2011-08-18T17:12:00","date_gmt":"2011-08-18T15:12:00","guid":{"rendered":"http:\/\/winneroil.com\/producto\/lubricante-multiusos\/"},"modified":"2017-06-08T13:35:38","modified_gmt":"2017-06-08T11:35:38","slug":"lubricante-multiusos","status":"publish","type":"product","link":"https:\/\/winneroil.com\/pt-pt\/produto\/lubricante-multiusos\/","title":{"rendered":"LUBRICANTE MULTIUSOS"},"content":{"rendered":"<p class=\"p1\">\u00d3leo fluido, com grande poder anticorrosivo, para aplica\u00e7\u00f5es m\u00faltiplas, hidr\u00f3fugo e diel\u00e9ctrico. Expulsa a \u00e1gua e elimina a humidade, facilitando o arranque de motores molhados ou h\u00famidos.<\/p>\n<p class=\"p1\">Aplica\u00e7\u00f5es: Em casa, na Ind\u00fastria, em autom\u00f3veis e bicicletas, em n\u00e1utica ou nos v\u00e1rios desportos, como em fechaduras, dobradi\u00e7as, m\u00e1quinas, utens\u00edlios ou ferramentas.<\/p>\n","protected":false},"excerpt":{"rendered":"<p>\u00d3leo fluido, com grande poder anticorrosivo, para aplica\u00e7\u00f5es m\u00faltiplas, hidr\u00f3fugo e diel\u00e9ctrico. Expulsa a \u00e1gua e elimina a humidade, facilitando o arranque de motores molhados ou h\u00famidos. Aplica\u00e7\u00f5es:<a class=\"moretag\" href=\"https:\/\/winneroil.com\/pt-pt\/produto\/lubricante-multiusos\/\"> &#8230;[+]<\/a><\/p>\n","protected":false},"featured_media":0,"comment_status":"open","ping_status":"closed","template":"","meta":[],"_links":{"self":[{"href":"https:\/\/winneroil.com\/pt-pt\/wp-json\/wp\/v2\/product\/5036"}],"collection":[{"href":"https:\/\/winneroil.com\/pt-pt\/wp-json\/wp\/v2\/product"}],"about":[{"href":"https:\/\/winneroil.com\/pt-pt\/wp-json\/wp\/v2\/types\/product"}],"replies":[{"embeddable":true,"href":"https:\/\/winneroil.com\/pt-pt\/wp-json\/wp\/v2\/comments?post=5036"}],"wp:attachment":[{"href":"https:\/\/winneroil.com\/pt-pt\/wp-json\/wp\/v2\/media?parent=5036"}],"curies":[{"name":"wp","href":"https:\/\/api.w.org\/{rel}","templated":true}]}}