{"id":5034,"date":"2011-08-18T17:12:00","date_gmt":"2011-08-18T15:12:00","guid":{"rendered":"http:\/\/winneroil.com\/producto\/tratamiento-gasolina\/"},"modified":"2017-08-04T14:28:49","modified_gmt":"2017-08-04T12:28:49","slug":"tratamiento-gasolina","status":"publish","type":"product","link":"https:\/\/winneroil.com\/pt-pt\/produto\/tratamiento-gasolina\/","title":{"rendered":"TRATAMIENTO GASOLINA"},"content":{"rendered":"<p class=\"p1\">Assegura uma \u00f3ptima combust\u00e3o rentabilizando o combust\u00edvel. Limpa lubrifica e protege o sistema de alimenta\u00e7\u00e3o e de combust\u00e3o, cilindros e v\u00e1lvulas. Evita a congela\u00e7\u00e3o do carburador. Protege contra a oxida\u00e7\u00e3o e corros\u00e3o. N\u00e3o altera o funcionamento do catalisador.<\/p>\n","protected":false},"excerpt":{"rendered":"<p>Assegura uma \u00f3ptima combust\u00e3o rentabilizando o combust\u00edvel. Limpa lubrifica e protege o sistema de alimenta\u00e7\u00e3o e de combust\u00e3o, cilindros e v\u00e1lvulas. Evita a congela\u00e7\u00e3o do carburador. Protege contra<a class=\"moretag\" href=\"https:\/\/winneroil.com\/pt-pt\/produto\/tratamiento-gasolina\/\"> &#8230;[+]<\/a><\/p>\n","protected":false},"featured_media":0,"comment_status":"open","ping_status":"closed","template":"","meta":[],"_links":{"self":[{"href":"https:\/\/winneroil.com\/pt-pt\/wp-json\/wp\/v2\/product\/5034"}],"collection":[{"href":"https:\/\/winneroil.com\/pt-pt\/wp-json\/wp\/v2\/product"}],"about":[{"href":"https:\/\/winneroil.com\/pt-pt\/wp-json\/wp\/v2\/types\/product"}],"replies":[{"embeddable":true,"href":"https:\/\/winneroil.com\/pt-pt\/wp-json\/wp\/v2\/comments?post=5034"}],"wp:attachment":[{"href":"https:\/\/winneroil.com\/pt-pt\/wp-json\/wp\/v2\/media?parent=5034"}],"curies":[{"name":"wp","href":"https:\/\/api.w.org\/{rel}","templated":true}]}}