{"id":5033,"date":"2011-08-18T17:12:00","date_gmt":"2011-08-18T15:12:00","guid":{"rendered":"http:\/\/winneroil.com\/producto\/tratamiento-antihumos-pre-itv\/"},"modified":"2017-08-04T14:29:06","modified_gmt":"2017-08-04T12:29:06","slug":"tratamiento-antihumos-pre-itv","status":"publish","type":"product","link":"https:\/\/winneroil.com\/pt-pt\/produto\/tratamiento-antihumos-pre-itv\/","title":{"rendered":"TRATAMIENTO ANTIHUMOS PRE ITV"},"content":{"rendered":"<p class=\"p1\">Previne e reduz a forma\u00e7\u00e3o e emiss\u00e3o de gases contaminantes. Limpa e protege o sistema de alimenta\u00e7\u00e3o e de injec\u00e7\u00e3o. Melhora a combust\u00e3o. Reduz o consumo de combust\u00edvel e a emiss\u00e3o de fuligem. Diminui o ru\u00eddo e protege perante o desgaste e corros\u00e3o do sistema de combust\u00e3o.<\/p>\n","protected":false},"excerpt":{"rendered":"<p>Previne e reduz a forma\u00e7\u00e3o e emiss\u00e3o de gases contaminantes. Limpa e protege o sistema de alimenta\u00e7\u00e3o e de injec\u00e7\u00e3o. Melhora a combust\u00e3o. Reduz o consumo de combust\u00edvel<a class=\"moretag\" href=\"https:\/\/winneroil.com\/pt-pt\/produto\/tratamiento-antihumos-pre-itv\/\"> &#8230;[+]<\/a><\/p>\n","protected":false},"featured_media":0,"comment_status":"open","ping_status":"closed","template":"","meta":[],"_links":{"self":[{"href":"https:\/\/winneroil.com\/pt-pt\/wp-json\/wp\/v2\/product\/5033"}],"collection":[{"href":"https:\/\/winneroil.com\/pt-pt\/wp-json\/wp\/v2\/product"}],"about":[{"href":"https:\/\/winneroil.com\/pt-pt\/wp-json\/wp\/v2\/types\/product"}],"replies":[{"embeddable":true,"href":"https:\/\/winneroil.com\/pt-pt\/wp-json\/wp\/v2\/comments?post=5033"}],"wp:attachment":[{"href":"https:\/\/winneroil.com\/pt-pt\/wp-json\/wp\/v2\/media?parent=5033"}],"curies":[{"name":"wp","href":"https:\/\/api.w.org\/{rel}","templated":true}]}}