{"id":5031,"date":"2011-08-18T17:12:00","date_gmt":"2011-08-18T15:12:00","guid":{"rendered":"http:\/\/winneroil.com\/producto\/tapafugas-radiador\/"},"modified":"2017-08-04T14:29:12","modified_gmt":"2017-08-04T12:29:12","slug":"tapafugas-radiador","status":"publish","type":"product","link":"https:\/\/winneroil.com\/pt-pt\/produto\/tapafugas-radiador\/","title":{"rendered":"TAPAFUGAS RADIADOR"},"content":{"rendered":"<p class=\"p1\">Det\u00e9m e previne as fugas no radiador e no sistema de refrigera\u00e7\u00e3o. Melhora a protec\u00e7\u00e3o anticorrosiva. Compat\u00edvel com todos os anticongelantes e l\u00edquidos OAT (Tecnologia Org\u00e2nica) N\u00e3o obstrui os tubos. N\u00e3o repara os tubos de borracha com fissuras ou gretas. \u00c9 inofensivo para as tubagens, juntas e resto de pe\u00e7as do sistema.<\/p>\n","protected":false},"excerpt":{"rendered":"<p>Det\u00e9m e previne as fugas no radiador e no sistema de refrigera\u00e7\u00e3o. Melhora a protec\u00e7\u00e3o anticorrosiva. Compat\u00edvel com todos os anticongelantes e l\u00edquidos OAT (Tecnologia Org\u00e2nica) N\u00e3o obstrui<a class=\"moretag\" href=\"https:\/\/winneroil.com\/pt-pt\/produto\/tapafugas-radiador\/\"> &#8230;[+]<\/a><\/p>\n","protected":false},"featured_media":0,"comment_status":"open","ping_status":"closed","template":"","meta":[],"_links":{"self":[{"href":"https:\/\/winneroil.com\/pt-pt\/wp-json\/wp\/v2\/product\/5031"}],"collection":[{"href":"https:\/\/winneroil.com\/pt-pt\/wp-json\/wp\/v2\/product"}],"about":[{"href":"https:\/\/winneroil.com\/pt-pt\/wp-json\/wp\/v2\/types\/product"}],"replies":[{"embeddable":true,"href":"https:\/\/winneroil.com\/pt-pt\/wp-json\/wp\/v2\/comments?post=5031"}],"wp:attachment":[{"href":"https:\/\/winneroil.com\/pt-pt\/wp-json\/wp\/v2\/media?parent=5031"}],"curies":[{"name":"wp","href":"https:\/\/api.w.org\/{rel}","templated":true}]}}