{"id":5029,"date":"2011-08-18T17:12:00","date_gmt":"2011-08-18T15:12:00","guid":{"rendered":"http:\/\/winneroil.com\/producto\/limpia-frenos-y-embragues\/"},"modified":"2017-06-08T13:36:54","modified_gmt":"2017-06-08T11:36:54","slug":"limpia-frenos-y-embragues","status":"publish","type":"product","link":"https:\/\/winneroil.com\/pt-pt\/produto\/limpia-frenos-y-embragues\/","title":{"rendered":"LIMPIA FRENOS Y EMBRAGUES"},"content":{"rendered":"<p class=\"p1\">Limpa e desengordura eficaz e rapidamente a sujidade e dep\u00f3sitos que se acumulam sobre os trav\u00f5es de tambor e de disco e componentes da embraiagem. Remove o \u00f3leo, poeira, fluido de trav\u00f5es, massas e outras impurezas nas partes mec\u00e2nicas.<\/p>\n<p class=\"p1\">Evapora\u00e7\u00e3o simples. N\u00e3o deixa res\u00edduos\u2026<\/p>\n","protected":false},"excerpt":{"rendered":"<p>Limpa e desengordura eficaz e rapidamente a sujidade e dep\u00f3sitos que se acumulam sobre os trav\u00f5es de tambor e de disco e componentes da embraiagem. Remove o \u00f3leo,<a class=\"moretag\" href=\"https:\/\/winneroil.com\/pt-pt\/produto\/limpia-frenos-y-embragues\/\"> &#8230;[+]<\/a><\/p>\n","protected":false},"featured_media":0,"comment_status":"open","ping_status":"closed","template":"","meta":[],"_links":{"self":[{"href":"https:\/\/winneroil.com\/pt-pt\/wp-json\/wp\/v2\/product\/5029"}],"collection":[{"href":"https:\/\/winneroil.com\/pt-pt\/wp-json\/wp\/v2\/product"}],"about":[{"href":"https:\/\/winneroil.com\/pt-pt\/wp-json\/wp\/v2\/types\/product"}],"replies":[{"embeddable":true,"href":"https:\/\/winneroil.com\/pt-pt\/wp-json\/wp\/v2\/comments?post=5029"}],"wp:attachment":[{"href":"https:\/\/winneroil.com\/pt-pt\/wp-json\/wp\/v2\/media?parent=5029"}],"curies":[{"name":"wp","href":"https:\/\/api.w.org\/{rel}","templated":true}]}}