{"id":5028,"date":"2011-08-18T17:12:00","date_gmt":"2011-08-18T15:12:00","guid":{"rendered":"http:\/\/winneroil.com\/producto\/limpiador-desinfectante-klima-fresh\/"},"modified":"2017-06-08T13:37:57","modified_gmt":"2017-06-08T11:37:57","slug":"limpiador-desinfectante-klima-fresh","status":"publish","type":"product","link":"https:\/\/winneroil.com\/pt-pt\/produto\/limpiador-desinfectante-klima-fresh\/","title":{"rendered":"LIMPIADOR DESINFECTANTE KLIMA FRESH"},"content":{"rendered":"<p class=\"p1\">Limpeza e desinfec\u00e7\u00e3o do sistema do ar condicionado. Elimina odores desagrad\u00e1veis causados por bact\u00e9rias e fungos em sistemas de A\/C, condutas de ventila\u00e7\u00e3o e interiores de autom\u00f3veis. Deixa uma frag\u00e2ncia agrad\u00e1vel, fresca e duradoura. F\u00e1cil de usar, sem necessidade de remover o filtro de poeiras ou de p\u00f3len. \u00c9 anti al\u00e9rgico e n\u00e3o t\u00f3xico\u2026<\/p>\n","protected":false},"excerpt":{"rendered":"<p>Limpeza e desinfec\u00e7\u00e3o do sistema do ar condicionado. Elimina odores desagrad\u00e1veis causados por bact\u00e9rias e fungos em sistemas de A\/C, condutas de ventila\u00e7\u00e3o e interiores de autom\u00f3veis. Deixa<a class=\"moretag\" href=\"https:\/\/winneroil.com\/pt-pt\/produto\/limpiador-desinfectante-klima-fresh\/\"> &#8230;[+]<\/a><\/p>\n","protected":false},"featured_media":0,"comment_status":"open","ping_status":"closed","template":"","meta":[],"_links":{"self":[{"href":"https:\/\/winneroil.com\/pt-pt\/wp-json\/wp\/v2\/product\/5028"}],"collection":[{"href":"https:\/\/winneroil.com\/pt-pt\/wp-json\/wp\/v2\/product"}],"about":[{"href":"https:\/\/winneroil.com\/pt-pt\/wp-json\/wp\/v2\/types\/product"}],"replies":[{"embeddable":true,"href":"https:\/\/winneroil.com\/pt-pt\/wp-json\/wp\/v2\/comments?post=5028"}],"wp:attachment":[{"href":"https:\/\/winneroil.com\/pt-pt\/wp-json\/wp\/v2\/media?parent=5028"}],"curies":[{"name":"wp","href":"https:\/\/api.w.org\/{rel}","templated":true}]}}