{"id":5027,"date":"2011-08-18T17:12:00","date_gmt":"2011-08-18T15:12:00","guid":{"rendered":"http:\/\/winneroil.com\/producto\/lubricante-para-cadenas-con-ptfe\/"},"modified":"2017-06-08T13:38:13","modified_gmt":"2017-06-08T11:38:13","slug":"lubricante-para-cadenas-con-ptfe","status":"publish","type":"product","link":"https:\/\/winneroil.com\/pt-pt\/produto\/lubricante-para-cadenas-con-ptfe\/","title":{"rendered":"LUBRICANTE PARA CADENAS CON PTFE"},"content":{"rendered":"<p class=\"p1\">F\u00f3rmula sint\u00e9tica de alto rendimento, que aplica uma camada protectora duradoura e resistente que ajuda a proporcionar uma ac\u00e7\u00e3o lubrificante efectiva, a proteger os mecanismos da ferrugem e a reduzir o desgaste dos componentes, aumentando a sua vida \u00fatil.<\/p>\n","protected":false},"excerpt":{"rendered":"<p>F\u00f3rmula sint\u00e9tica de alto rendimento, que aplica uma camada protectora duradoura e resistente que ajuda a proporcionar uma ac\u00e7\u00e3o lubrificante efectiva, a proteger os mecanismos da ferrugem e<a class=\"moretag\" href=\"https:\/\/winneroil.com\/pt-pt\/produto\/lubricante-para-cadenas-con-ptfe\/\"> &#8230;[+]<\/a><\/p>\n","protected":false},"featured_media":0,"comment_status":"open","ping_status":"closed","template":"","meta":[],"_links":{"self":[{"href":"https:\/\/winneroil.com\/pt-pt\/wp-json\/wp\/v2\/product\/5027"}],"collection":[{"href":"https:\/\/winneroil.com\/pt-pt\/wp-json\/wp\/v2\/product"}],"about":[{"href":"https:\/\/winneroil.com\/pt-pt\/wp-json\/wp\/v2\/types\/product"}],"replies":[{"embeddable":true,"href":"https:\/\/winneroil.com\/pt-pt\/wp-json\/wp\/v2\/comments?post=5027"}],"wp:attachment":[{"href":"https:\/\/winneroil.com\/pt-pt\/wp-json\/wp\/v2\/media?parent=5027"}],"curies":[{"name":"wp","href":"https:\/\/api.w.org\/{rel}","templated":true}]}}