{"id":5025,"date":"2011-08-18T17:12:00","date_gmt":"2011-08-18T15:12:00","guid":{"rendered":"http:\/\/winneroil.com\/producto\/grasa-blanca-de-litio\/"},"modified":"2017-06-08T13:36:07","modified_gmt":"2017-06-08T11:36:07","slug":"grasa-blanca-de-litio","status":"publish","type":"product","link":"https:\/\/winneroil.com\/pt-pt\/produto\/grasa-blanca-de-litio\/","title":{"rendered":"GRASA BLANCA DE LITIO"},"content":{"rendered":"<p class=\"p1\">Lubrifica todas as pe\u00e7as m\u00f3veis. Reduz a fric\u00e7\u00e3o e o desgaste com o tempo e protege contra a ferrugem e corros\u00e3o aumentando a vida \u00fatil das m\u00e1quinas. Seca rapidamente, n\u00e3o pinga e n\u00e3o congela, ficando uma pel\u00edcula branca invis\u00edvel.<\/p>\n<p class=\"p1\">Aplica\u00e7\u00f5es: Rolamentos, cilindros, correntes, tornos, ventiladores, l\u00e2minas, engrenagens, baterias, ferramentas, portas, janelas\u2026 etc\u2026<\/p>\n","protected":false},"excerpt":{"rendered":"<p>Lubrifica todas as pe\u00e7as m\u00f3veis. Reduz a fric\u00e7\u00e3o e o desgaste com o tempo e protege contra a ferrugem e corros\u00e3o aumentando a vida \u00fatil das m\u00e1quinas. Seca<a class=\"moretag\" href=\"https:\/\/winneroil.com\/pt-pt\/produto\/grasa-blanca-de-litio\/\"> &#8230;[+]<\/a><\/p>\n","protected":false},"featured_media":0,"comment_status":"open","ping_status":"closed","template":"","meta":[],"_links":{"self":[{"href":"https:\/\/winneroil.com\/pt-pt\/wp-json\/wp\/v2\/product\/5025"}],"collection":[{"href":"https:\/\/winneroil.com\/pt-pt\/wp-json\/wp\/v2\/product"}],"about":[{"href":"https:\/\/winneroil.com\/pt-pt\/wp-json\/wp\/v2\/types\/product"}],"replies":[{"embeddable":true,"href":"https:\/\/winneroil.com\/pt-pt\/wp-json\/wp\/v2\/comments?post=5025"}],"wp:attachment":[{"href":"https:\/\/winneroil.com\/pt-pt\/wp-json\/wp\/v2\/media?parent=5025"}],"curies":[{"name":"wp","href":"https:\/\/api.w.org\/{rel}","templated":true}]}}