{"id":5024,"date":"2011-08-18T17:12:00","date_gmt":"2011-08-18T15:12:00","guid":{"rendered":"http:\/\/winneroil.com\/producto\/limpia-salpicaderos-con-silicona\/"},"modified":"2017-06-08T13:34:59","modified_gmt":"2017-06-08T11:34:59","slug":"limpia-salpicaderos-con-silicona","status":"publish","type":"product","link":"https:\/\/winneroil.com\/pt-pt\/produto\/limpia-salpicaderos-con-silicona\/","title":{"rendered":"LIMPIA SALPICADEROS CON SILICONA"},"content":{"rendered":"<p class=\"p1\">Limpa, abrilhanta e protege o tablier das viaturas contra a sujeira e poeira, agentes atmosf\u00e9ricos e os raios UVA. A sua f\u00f3rmula \u00e0 base de silicone aumenta a vida \u00fatil das superf\u00edcies tratadas, facilitando a manuten\u00e7\u00e3o. Especialmente adequado para a limpeza de superf\u00edcies de vinil e assentos de couro de viaturas.<\/p>\n","protected":false},"excerpt":{"rendered":"<p>Limpa, abrilhanta e protege o tablier das viaturas contra a sujeira e poeira, agentes atmosf\u00e9ricos e os raios UVA. A sua f\u00f3rmula \u00e0 base de silicone aumenta a<a class=\"moretag\" href=\"https:\/\/winneroil.com\/pt-pt\/produto\/limpia-salpicaderos-con-silicona\/\"> &#8230;[+]<\/a><\/p>\n","protected":false},"featured_media":0,"comment_status":"open","ping_status":"closed","template":"","meta":[],"_links":{"self":[{"href":"https:\/\/winneroil.com\/pt-pt\/wp-json\/wp\/v2\/product\/5024"}],"collection":[{"href":"https:\/\/winneroil.com\/pt-pt\/wp-json\/wp\/v2\/product"}],"about":[{"href":"https:\/\/winneroil.com\/pt-pt\/wp-json\/wp\/v2\/types\/product"}],"replies":[{"embeddable":true,"href":"https:\/\/winneroil.com\/pt-pt\/wp-json\/wp\/v2\/comments?post=5024"}],"wp:attachment":[{"href":"https:\/\/winneroil.com\/pt-pt\/wp-json\/wp\/v2\/media?parent=5024"}],"curies":[{"name":"wp","href":"https:\/\/api.w.org\/{rel}","templated":true}]}}