{"id":5022,"date":"2011-08-18T17:12:00","date_gmt":"2011-08-18T15:12:00","guid":{"rendered":"http:\/\/winneroil.com\/producto\/graswin-centralizada-00\/"},"modified":"2017-06-08T13:29:32","modified_gmt":"2017-06-08T11:29:32","slug":"graswin-centralizada-00","status":"publish","type":"product","link":"https:\/\/winneroil.com\/pt-pt\/produto\/graswin-centralizada-00\/","title":{"rendered":"Graswin CENTRALIZADA 00"},"content":{"rendered":"<p class=\"p1\">Massa de sab\u00e3o de L\u00edtio EP com aditivos antioxidantes e E.P. Rolamentos, eixos, casquilhos articula\u00e7\u00f5es e guias. Lubrifica\u00e7\u00e3o de Extrema Press\u00e3o em maquinaria de obras p\u00fablicas. Especial para lubrifica\u00e7\u00e3o centralizada.<\/p>\n","protected":false},"excerpt":{"rendered":"<p>Massa de sab\u00e3o de L\u00edtio EP com aditivos antioxidantes e E.P. Rolamentos, eixos, casquilhos articula\u00e7\u00f5es e guias. Lubrifica\u00e7\u00e3o de Extrema Press\u00e3o em maquinaria de obras p\u00fablicas. Especial para<a class=\"moretag\" href=\"https:\/\/winneroil.com\/pt-pt\/produto\/graswin-centralizada-00\/\"> &#8230;[+]<\/a><\/p>\n","protected":false},"featured_media":0,"comment_status":"open","ping_status":"closed","template":"","meta":[],"_links":{"self":[{"href":"https:\/\/winneroil.com\/pt-pt\/wp-json\/wp\/v2\/product\/5022"}],"collection":[{"href":"https:\/\/winneroil.com\/pt-pt\/wp-json\/wp\/v2\/product"}],"about":[{"href":"https:\/\/winneroil.com\/pt-pt\/wp-json\/wp\/v2\/types\/product"}],"replies":[{"embeddable":true,"href":"https:\/\/winneroil.com\/pt-pt\/wp-json\/wp\/v2\/comments?post=5022"}],"wp:attachment":[{"href":"https:\/\/winneroil.com\/pt-pt\/wp-json\/wp\/v2\/media?parent=5022"}],"curies":[{"name":"wp","href":"https:\/\/api.w.org\/{rel}","templated":true}]}}