{"id":5020,"date":"2011-08-18T17:12:00","date_gmt":"2011-08-18T15:12:00","guid":{"rendered":"http:\/\/winneroil.com\/producto\/graswin-calcio\/"},"modified":"2017-06-08T13:20:59","modified_gmt":"2017-06-08T11:20:59","slug":"graswin-calcio","status":"publish","type":"product","link":"https:\/\/winneroil.com\/pt-pt\/produto\/graswin-calcio\/","title":{"rendered":"Graswin CALCIO"},"content":{"rendered":"<p class=\"p1\">Massa de uso universal e totalmente insol\u00favel em \u00e1gua doce e salgada e resistente ao vapor n\u00e3o sobre-aquecido. Apta para rolamentos de esferas e de rolos submetidos a cargas moderadas e velocidades m\u00e9dias. Chassis e buchas automotive. Toda a classe de lubrifica\u00e7\u00e3o em maquinaria agr\u00edcola, obras p\u00fablicas e industria.<\/p>\n","protected":false},"excerpt":{"rendered":"<p>Massa de uso universal e totalmente insol\u00favel em \u00e1gua doce e salgada e resistente ao vapor n\u00e3o sobre-aquecido. Apta para rolamentos de esferas e de rolos submetidos a<a class=\"moretag\" href=\"https:\/\/winneroil.com\/pt-pt\/produto\/graswin-calcio\/\"> &#8230;[+]<\/a><\/p>\n","protected":false},"featured_media":0,"comment_status":"open","ping_status":"closed","template":"","meta":[],"_links":{"self":[{"href":"https:\/\/winneroil.com\/pt-pt\/wp-json\/wp\/v2\/product\/5020"}],"collection":[{"href":"https:\/\/winneroil.com\/pt-pt\/wp-json\/wp\/v2\/product"}],"about":[{"href":"https:\/\/winneroil.com\/pt-pt\/wp-json\/wp\/v2\/types\/product"}],"replies":[{"embeddable":true,"href":"https:\/\/winneroil.com\/pt-pt\/wp-json\/wp\/v2\/comments?post=5020"}],"wp:attachment":[{"href":"https:\/\/winneroil.com\/pt-pt\/wp-json\/wp\/v2\/media?parent=5020"}],"curies":[{"name":"wp","href":"https:\/\/api.w.org\/{rel}","templated":true}]}}