{"id":5019,"date":"2011-08-18T17:12:00","date_gmt":"2011-08-18T15:12:00","guid":{"rendered":"http:\/\/winneroil.com\/producto\/taladrina-semisintetica\/"},"modified":"2017-06-08T13:19:13","modified_gmt":"2017-06-08T11:19:13","slug":"taladrina-semisintetica","status":"publish","type":"product","link":"https:\/\/winneroil.com\/pt-pt\/produto\/taladrina-semisintetica\/","title":{"rendered":"TALADRINA SEMISINT\u00c9TICA"},"content":{"rendered":"<p class=\"p1\">Fluido de corte, semi-sint\u00e9tico para o mecanizado geral de todo o tipo de met\u00e1is. Utilizar dissolvido em agua. Forma solu\u00e7\u00f5es transparentes ou ligeiramente opalescente.<\/p>\n","protected":false},"excerpt":{"rendered":"<p>Fluido de corte, semi-sint\u00e9tico para o mecanizado geral de todo o tipo de met\u00e1is. Utilizar dissolvido em agua. Forma solu\u00e7\u00f5es transparentes ou ligeiramente opalescente.<\/p>\n","protected":false},"featured_media":0,"comment_status":"open","ping_status":"closed","template":"","meta":[],"_links":{"self":[{"href":"https:\/\/winneroil.com\/pt-pt\/wp-json\/wp\/v2\/product\/5019"}],"collection":[{"href":"https:\/\/winneroil.com\/pt-pt\/wp-json\/wp\/v2\/product"}],"about":[{"href":"https:\/\/winneroil.com\/pt-pt\/wp-json\/wp\/v2\/types\/product"}],"replies":[{"embeddable":true,"href":"https:\/\/winneroil.com\/pt-pt\/wp-json\/wp\/v2\/comments?post=5019"}],"wp:attachment":[{"href":"https:\/\/winneroil.com\/pt-pt\/wp-json\/wp\/v2\/media?parent=5019"}],"curies":[{"name":"wp","href":"https:\/\/api.w.org\/{rel}","templated":true}]}}