{"id":5018,"date":"2011-08-18T17:12:00","date_gmt":"2011-08-18T15:12:00","guid":{"rendered":"http:\/\/winneroil.com\/producto\/taladrina-blanca\/"},"modified":"2017-06-08T13:19:06","modified_gmt":"2017-06-08T11:19:06","slug":"taladrina-blanca","status":"publish","type":"product","link":"https:\/\/winneroil.com\/pt-pt\/produto\/taladrina-blanca\/","title":{"rendered":"TALADRINA BLANCA"},"content":{"rendered":"<p class=\"p1\">Fluido E.P (Extrema Press\u00e3o) sol\u00favel em \u00e1gua para o sector da metalurgia. Apto para metais f\u00e9rreos e n\u00e3o f\u00e9rreos.<\/p>\n","protected":false},"excerpt":{"rendered":"<p>Fluido E.P (Extrema Press\u00e3o) sol\u00favel em \u00e1gua para o sector da metalurgia. Apto para metais f\u00e9rreos e n\u00e3o f\u00e9rreos.<\/p>\n","protected":false},"featured_media":0,"comment_status":"open","ping_status":"closed","template":"","meta":[],"_links":{"self":[{"href":"https:\/\/winneroil.com\/pt-pt\/wp-json\/wp\/v2\/product\/5018"}],"collection":[{"href":"https:\/\/winneroil.com\/pt-pt\/wp-json\/wp\/v2\/product"}],"about":[{"href":"https:\/\/winneroil.com\/pt-pt\/wp-json\/wp\/v2\/types\/product"}],"replies":[{"embeddable":true,"href":"https:\/\/winneroil.com\/pt-pt\/wp-json\/wp\/v2\/comments?post=5018"}],"wp:attachment":[{"href":"https:\/\/winneroil.com\/pt-pt\/wp-json\/wp\/v2\/media?parent=5018"}],"curies":[{"name":"wp","href":"https:\/\/api.w.org\/{rel}","templated":true}]}}