{"id":5017,"date":"2011-08-18T17:12:00","date_gmt":"2011-08-18T15:12:00","guid":{"rendered":"http:\/\/winneroil.com\/producto\/termwin-305\/"},"modified":"2017-06-08T13:18:48","modified_gmt":"2017-06-08T11:18:48","slug":"termwin-305","status":"publish","type":"product","link":"https:\/\/winneroil.com\/pt-pt\/produto\/termwin-305\/","title":{"rendered":"TERMWIN 305"},"content":{"rendered":"<p class=\"p1\">Fluido de transmiss\u00e3o de calor, fabricado com bases seleccionadas e aditivos antioxidantes, que oferecem uma extraordin\u00e1ria resist\u00eancia \u00e0 oxida\u00e7\u00e3o.<\/p>\n<p class=\"p1\">Temperatura m\u00e1xima de uso: + 300\u00baC<\/p>\n","protected":false},"excerpt":{"rendered":"<p>ISO 6743\/12-QB<br \/>\nDIN 51502-Q<\/p>\n","protected":false},"featured_media":0,"comment_status":"open","ping_status":"closed","template":"","meta":[],"_links":{"self":[{"href":"https:\/\/winneroil.com\/pt-pt\/wp-json\/wp\/v2\/product\/5017"}],"collection":[{"href":"https:\/\/winneroil.com\/pt-pt\/wp-json\/wp\/v2\/product"}],"about":[{"href":"https:\/\/winneroil.com\/pt-pt\/wp-json\/wp\/v2\/types\/product"}],"replies":[{"embeddable":true,"href":"https:\/\/winneroil.com\/pt-pt\/wp-json\/wp\/v2\/comments?post=5017"}],"wp:attachment":[{"href":"https:\/\/winneroil.com\/pt-pt\/wp-json\/wp\/v2\/media?parent=5017"}],"curies":[{"name":"wp","href":"https:\/\/api.w.org\/{rel}","templated":true}]}}