{"id":5015,"date":"2011-08-18T17:12:00","date_gmt":"2011-08-18T15:12:00","guid":{"rendered":"http:\/\/winneroil.com\/producto\/comprewin-syntex\/"},"modified":"2017-06-08T13:18:32","modified_gmt":"2017-06-08T11:18:32","slug":"comprewin-syntex","status":"publish","type":"product","link":"https:\/\/winneroil.com\/pt-pt\/produto\/comprewin-syntex\/","title":{"rendered":"COMPREWIN SYNTEX"},"content":{"rendered":"<p class=\"p1\">Fluido sint\u00e9tico para a lubrifica\u00e7\u00e3o de compressores de ar e bombas de v\u00e1cuo.<\/p>\n","protected":false},"excerpt":{"rendered":"<p>AGMA 9005-D94<br \/>\nDAVID BROWM S 1.53.101(E)<br \/>\nUS Steel 224<br \/>\nATSF FT 161<br \/>\nDIN 51.517 (CLP)<\/p>\n","protected":false},"featured_media":0,"comment_status":"open","ping_status":"closed","template":"","meta":[],"_links":{"self":[{"href":"https:\/\/winneroil.com\/pt-pt\/wp-json\/wp\/v2\/product\/5015"}],"collection":[{"href":"https:\/\/winneroil.com\/pt-pt\/wp-json\/wp\/v2\/product"}],"about":[{"href":"https:\/\/winneroil.com\/pt-pt\/wp-json\/wp\/v2\/types\/product"}],"replies":[{"embeddable":true,"href":"https:\/\/winneroil.com\/pt-pt\/wp-json\/wp\/v2\/comments?post=5015"}],"wp:attachment":[{"href":"https:\/\/winneroil.com\/pt-pt\/wp-json\/wp\/v2\/media?parent=5015"}],"curies":[{"name":"wp","href":"https:\/\/api.w.org\/{rel}","templated":true}]}}