{"id":5014,"date":"2011-08-18T17:12:00","date_gmt":"2011-08-18T15:12:00","guid":{"rendered":"http:\/\/winneroil.com\/producto\/comprewin\/"},"modified":"2017-06-08T13:18:22","modified_gmt":"2017-06-08T11:18:22","slug":"comprewin","status":"publish","type":"product","link":"https:\/\/winneroil.com\/pt-pt\/produto\/comprewin\/","title":{"rendered":"COMPREWIN"},"content":{"rendered":"<p class=\"p1\">Fluidos especiais formulados com bases paraf\u00ednicas altamente refinadas e com aditivos \u201cLong Life\u201d contra a oxida\u00e7\u00e3o, para a lubrifica\u00e7\u00e3o de cilindros e mecanismos de compressores rotativos e alternativos, de ar ou gases inertes, de uma ou v\u00e1rias etapas, que trabalhem em condi\u00e7\u00f5es normais ou severas.<\/p>\n","protected":false},"excerpt":{"rendered":"<p>ISO 6743-3 DAG<br \/>\nDAH DAB DAA DIN 51506<br \/>\nVBL<br \/>\nVCL<br \/>\nVDL<\/p>\n","protected":false},"featured_media":0,"comment_status":"open","ping_status":"closed","template":"","meta":[],"_links":{"self":[{"href":"https:\/\/winneroil.com\/pt-pt\/wp-json\/wp\/v2\/product\/5014"}],"collection":[{"href":"https:\/\/winneroil.com\/pt-pt\/wp-json\/wp\/v2\/product"}],"about":[{"href":"https:\/\/winneroil.com\/pt-pt\/wp-json\/wp\/v2\/types\/product"}],"replies":[{"embeddable":true,"href":"https:\/\/winneroil.com\/pt-pt\/wp-json\/wp\/v2\/comments?post=5014"}],"wp:attachment":[{"href":"https:\/\/winneroil.com\/pt-pt\/wp-json\/wp\/v2\/media?parent=5014"}],"curies":[{"name":"wp","href":"https:\/\/api.w.org\/{rel}","templated":true}]}}