{"id":5012,"date":"2011-08-18T17:12:00","date_gmt":"2011-08-18T15:12:00","guid":{"rendered":"http:\/\/winneroil.com\/producto\/desencowin-h\/"},"modified":"2017-06-08T13:17:51","modified_gmt":"2017-06-08T11:17:51","slug":"desencowin-h","status":"publish","type":"product","link":"https:\/\/winneroil.com\/pt-pt\/produto\/desencowin-h\/","title":{"rendered":"DESENCOWIN H"},"content":{"rendered":"<p class=\"p1\">Descofrante para superficies de bet\u00e3o.<\/p>\n<p class=\"p1\">N\u00e3o \u00e9 sol\u00favel em \u00e1gua, por isso deve utilizar-se puro, tal como est\u00e1 na embalagem.<\/p>\n<p class=\"p1\">Contem aditivos que melhoram a untosidade do produto, permitindo acabamentos nas superficies de grande qualidade.<\/p>\n","protected":false},"excerpt":{"rendered":"<p>Descofrante para superficies de bet\u00e3o. N\u00e3o \u00e9 sol\u00favel em \u00e1gua, por isso deve utilizar-se puro, tal como est\u00e1 na embalagem. Contem aditivos que melhoram a untosidade do produto,<a class=\"moretag\" href=\"https:\/\/winneroil.com\/pt-pt\/produto\/desencowin-h\/\"> &#8230;[+]<\/a><\/p>\n","protected":false},"featured_media":0,"comment_status":"open","ping_status":"closed","template":"","meta":[],"_links":{"self":[{"href":"https:\/\/winneroil.com\/pt-pt\/wp-json\/wp\/v2\/product\/5012"}],"collection":[{"href":"https:\/\/winneroil.com\/pt-pt\/wp-json\/wp\/v2\/product"}],"about":[{"href":"https:\/\/winneroil.com\/pt-pt\/wp-json\/wp\/v2\/types\/product"}],"replies":[{"embeddable":true,"href":"https:\/\/winneroil.com\/pt-pt\/wp-json\/wp\/v2\/comments?post=5012"}],"wp:attachment":[{"href":"https:\/\/winneroil.com\/pt-pt\/wp-json\/wp\/v2\/media?parent=5012"}],"curies":[{"name":"wp","href":"https:\/\/api.w.org\/{rel}","templated":true}]}}