{"id":5011,"date":"2011-08-18T17:12:00","date_gmt":"2011-08-18T15:12:00","guid":{"rendered":"http:\/\/winneroil.com\/producto\/winax-s10-s20-s30-s40\/"},"modified":"2017-06-08T13:17:43","modified_gmt":"2017-06-08T11:17:43","slug":"winax-s10-s20-s30-s40","status":"publish","type":"product","link":"https:\/\/winneroil.com\/pt-pt\/produto\/winax-s10-s20-s30-s40\/","title":{"rendered":"WINAX S10 S20 S30 S40"},"content":{"rendered":"<p class=\"p1\">Produto formulado com um sistema de aditiva\u00e7\u00e3o \u201cPremium\u201d que lhe confere excelentes qualidades como produto para usos multiplos, sendo indicado na lubrifica\u00e7\u00e3o de compressores alternativos de piston, sistemas hidr\u00e1ulicos, lubrifica\u00e7\u00f5es circulantes e em todos aqueles onde se requeiram um lubrificante de alta qualidade.<\/p>\n","protected":false},"excerpt":{"rendered":"<p>SAE-10<br \/>\nSAE-20<br \/>\nSAE-30<br \/>\nSAE-40<\/p>\n","protected":false},"featured_media":0,"comment_status":"open","ping_status":"closed","template":"","meta":[],"_links":{"self":[{"href":"https:\/\/winneroil.com\/pt-pt\/wp-json\/wp\/v2\/product\/5011"}],"collection":[{"href":"https:\/\/winneroil.com\/pt-pt\/wp-json\/wp\/v2\/product"}],"about":[{"href":"https:\/\/winneroil.com\/pt-pt\/wp-json\/wp\/v2\/types\/product"}],"replies":[{"embeddable":true,"href":"https:\/\/winneroil.com\/pt-pt\/wp-json\/wp\/v2\/comments?post=5011"}],"wp:attachment":[{"href":"https:\/\/winneroil.com\/pt-pt\/wp-json\/wp\/v2\/media?parent=5011"}],"curies":[{"name":"wp","href":"https:\/\/api.w.org\/{rel}","templated":true}]}}