{"id":5010,"date":"2011-08-18T17:12:00","date_gmt":"2011-08-18T15:12:00","guid":{"rendered":"http:\/\/winneroil.com\/producto\/guiaswin-150-220-320\/"},"modified":"2017-06-08T13:17:36","modified_gmt":"2017-06-08T11:17:36","slug":"guiaswin-150-220-320","status":"publish","type":"product","link":"https:\/\/winneroil.com\/pt-pt\/produto\/guiaswin-150-220-320\/","title":{"rendered":"GUIASWIN 150 220 320"},"content":{"rendered":"<p class=\"p1\">Lubrificantes desenvolvidos com bases refinadas e aditivadas que lhe conferem uma elevada ader\u00eancia.<\/p>\n<p class=\"p1\">Adequado para qualquer sistema de lubrifica\u00e7\u00e3o de circula\u00e7\u00e3o ou perda.<\/p>\n","protected":false},"excerpt":{"rendered":"<p>DIN 51-517 CLP<br \/>\nDIN 51-524 PART II<br \/>\nAFNOR E 48.603 HM<br \/>\nAGMA MILD EP<br \/>\nCINCINNATI MILACRON P-59\/ P-63\/ P-47\/ P-50\/ P-53<br \/>\nFRENCH SIDERURGY<br \/>\nFT-172\/173<\/p>\n","protected":false},"featured_media":0,"comment_status":"open","ping_status":"closed","template":"","meta":[],"_links":{"self":[{"href":"https:\/\/winneroil.com\/pt-pt\/wp-json\/wp\/v2\/product\/5010"}],"collection":[{"href":"https:\/\/winneroil.com\/pt-pt\/wp-json\/wp\/v2\/product"}],"about":[{"href":"https:\/\/winneroil.com\/pt-pt\/wp-json\/wp\/v2\/types\/product"}],"replies":[{"embeddable":true,"href":"https:\/\/winneroil.com\/pt-pt\/wp-json\/wp\/v2\/comments?post=5010"}],"wp:attachment":[{"href":"https:\/\/winneroil.com\/pt-pt\/wp-json\/wp\/v2\/media?parent=5010"}],"curies":[{"name":"wp","href":"https:\/\/api.w.org\/{rel}","templated":true}]}}