{"id":5009,"date":"2011-08-18T17:12:00","date_gmt":"2011-08-18T15:12:00","guid":{"rendered":"http:\/\/winneroil.com\/producto\/gearwin-iso-sintex-150-220-320-460\/"},"modified":"2017-06-08T13:17:25","modified_gmt":"2017-06-08T11:17:25","slug":"gearwin-iso-sintex-150-220-320-460","status":"publish","type":"product","link":"https:\/\/winneroil.com\/pt-pt\/produto\/gearwin-iso-sintex-150-220-320-460\/","title":{"rendered":"GEARWIN ISO SINTEX 150 220 320 460"},"content":{"rendered":"<p class=\"p1\">Este lubrificante com bases sint\u00e9ticas foi desenvolvido a partir de poliglic\u00f3is e aditivos que lhe transferem excelentes propriedades para resistir a temperaturas de trabalho em servi\u00e7io cont\u00ednui entre -30\u00ba C e 200\u00ba C.<\/p>\n","protected":false},"excerpt":{"rendered":"<p>DIN 51517 Parte 3 CLP<br \/>\nISO 12925-1 CKD<br \/>\nU.S. STEEL 224<br \/>\nAGMA 9005-D94<\/p>\n","protected":false},"featured_media":0,"comment_status":"open","ping_status":"closed","template":"","meta":[],"_links":{"self":[{"href":"https:\/\/winneroil.com\/pt-pt\/wp-json\/wp\/v2\/product\/5009"}],"collection":[{"href":"https:\/\/winneroil.com\/pt-pt\/wp-json\/wp\/v2\/product"}],"about":[{"href":"https:\/\/winneroil.com\/pt-pt\/wp-json\/wp\/v2\/types\/product"}],"replies":[{"embeddable":true,"href":"https:\/\/winneroil.com\/pt-pt\/wp-json\/wp\/v2\/comments?post=5009"}],"wp:attachment":[{"href":"https:\/\/winneroil.com\/pt-pt\/wp-json\/wp\/v2\/media?parent=5009"}],"curies":[{"name":"wp","href":"https:\/\/api.w.org\/{rel}","templated":true}]}}