{"id":5007,"date":"2011-08-18T17:12:00","date_gmt":"2011-08-18T15:12:00","guid":{"rendered":"http:\/\/winneroil.com\/producto\/graswin-compleja-li-molibdeno\/"},"modified":"2017-06-08T13:21:21","modified_gmt":"2017-06-08T11:21:21","slug":"graswin-compleja-li-molibdeno","status":"publish","type":"product","link":"https:\/\/winneroil.com\/pt-pt\/produto\/graswin-compleja-li-molibdeno\/","title":{"rendered":"Graswin COMPLEJA LI MOLIBDENO"},"content":{"rendered":"<p class=\"p1\">Massa de Complexo de Litio para altas temperaturas que cont\u00e9m aditivos antioxidantes, anticorrosivos e Extrema Press\u00e3o (Bisulfureto de Molibd\u00e9nio). Massa especialmente indicada para utilizar num intervalo de temperaturas entre -30\u00baC at\u00e9 170\u00baC. Especial para utilizar em sistemas com vibra\u00e7\u00f5es. Boa resist\u00eancia \u00e0 agua, grande poder selante e boa ader\u00eancia.<\/p>\n","protected":false},"excerpt":{"rendered":"<p>Massa de Complexo de Litio para altas temperaturas que cont\u00e9m aditivos antioxidantes, anticorrosivos e Extrema Press\u00e3o (Bisulfureto de Molibd\u00e9nio). Massa especialmente indicada para utilizar num intervalo de temperaturas<a class=\"moretag\" href=\"https:\/\/winneroil.com\/pt-pt\/produto\/graswin-compleja-li-molibdeno\/\"> &#8230;[+]<\/a><\/p>\n","protected":false},"featured_media":0,"comment_status":"open","ping_status":"closed","template":"","meta":[],"_links":{"self":[{"href":"https:\/\/winneroil.com\/pt-pt\/wp-json\/wp\/v2\/product\/5007"}],"collection":[{"href":"https:\/\/winneroil.com\/pt-pt\/wp-json\/wp\/v2\/product"}],"about":[{"href":"https:\/\/winneroil.com\/pt-pt\/wp-json\/wp\/v2\/types\/product"}],"replies":[{"embeddable":true,"href":"https:\/\/winneroil.com\/pt-pt\/wp-json\/wp\/v2\/comments?post=5007"}],"wp:attachment":[{"href":"https:\/\/winneroil.com\/pt-pt\/wp-json\/wp\/v2\/media?parent=5007"}],"curies":[{"name":"wp","href":"https:\/\/api.w.org\/{rel}","templated":true}]}}