{"id":5006,"date":"2011-08-18T17:12:00","date_gmt":"2011-08-18T15:12:00","guid":{"rendered":"http:\/\/winneroil.com\/producto\/graswin-litio-molibdeno-y-grafito\/"},"modified":"2017-06-08T13:21:28","modified_gmt":"2017-06-08T11:21:28","slug":"graswin-litio-molibdeno-y-grafito","status":"publish","type":"product","link":"https:\/\/winneroil.com\/pt-pt\/produto\/graswin-litio-molibdeno-y-grafito\/","title":{"rendered":"Graswin LITIO MOLIBDENO y GRAFITO"},"content":{"rendered":"<p class=\"p1\">Massa l\u00edtica para altas temperaturas contendo aditivos antioxidantes, anticorrosivos e extrema press\u00e3o (Bisulfureto de Molibd\u00e9nio e Grafite). Massa especial para alta temperatura num campo de utiliza\u00e7\u00e3o desde -30\u00baC at\u00e9 170\u00baC. Especial para sistemas de lubrifica\u00e7\u00e3o com vibra\u00e7\u00e3o. Boa resist\u00eancia \u00e0 agua, grande poder selante e boa ader\u00eancia.<\/p>\n","protected":false},"excerpt":{"rendered":"<p>Massa l\u00edtica para altas temperaturas contendo aditivos antioxidantes, anticorrosivos e extrema press\u00e3o (Bisulfureto de Molibd\u00e9nio e Grafite). Massa especial para alta temperatura num campo de utiliza\u00e7\u00e3o desde -30\u00baC<a class=\"moretag\" href=\"https:\/\/winneroil.com\/pt-pt\/produto\/graswin-litio-molibdeno-y-grafito\/\"> &#8230;[+]<\/a><\/p>\n","protected":false},"featured_media":0,"comment_status":"open","ping_status":"closed","template":"","meta":[],"_links":{"self":[{"href":"https:\/\/winneroil.com\/pt-pt\/wp-json\/wp\/v2\/product\/5006"}],"collection":[{"href":"https:\/\/winneroil.com\/pt-pt\/wp-json\/wp\/v2\/product"}],"about":[{"href":"https:\/\/winneroil.com\/pt-pt\/wp-json\/wp\/v2\/types\/product"}],"replies":[{"embeddable":true,"href":"https:\/\/winneroil.com\/pt-pt\/wp-json\/wp\/v2\/comments?post=5006"}],"wp:attachment":[{"href":"https:\/\/winneroil.com\/pt-pt\/wp-json\/wp\/v2\/media?parent=5006"}],"curies":[{"name":"wp","href":"https:\/\/api.w.org\/{rel}","templated":true}]}}