{"id":5005,"date":"2011-08-18T17:12:00","date_gmt":"2011-08-18T15:12:00","guid":{"rendered":"http:\/\/winneroil.com\/producto\/graswin-compleja-ptfe\/"},"modified":"2017-06-08T13:23:55","modified_gmt":"2017-06-08T11:23:55","slug":"graswin-compleja-ptfe","status":"publish","type":"product","link":"https:\/\/winneroil.com\/pt-pt\/produto\/graswin-compleja-ptfe\/","title":{"rendered":"Graswin COMPLEJA PTFE"},"content":{"rendered":"<p class=\"p1\">Massa EP de longa dura\u00e7\u00e3o com aditivos s\u00f3lidos especiais (PTFE) para lubrifica\u00e7\u00e3o de qualquer parte mec\u00e2nica de maquinaria industrial, maquinaria \u00e0 intemp\u00e9rie, ve\u00edculos, etc\u2026<\/p>\n<p class=\"p1\">V\u00e1lida tanto para velocidades lentas como r\u00e1pidas e cargas moderadas num amplo campo de temperaturas. Excelente efeito selante em rolamentos e longa dura\u00e7\u00e3o. (Extens\u00e3o dos intervalos de manuten\u00e7\u00e3o)<\/p>\n","protected":false},"excerpt":{"rendered":"<p>Massa EP de longa dura\u00e7\u00e3o com aditivos s\u00f3lidos especiais (PTFE) para lubrifica\u00e7\u00e3o de qualquer parte mec\u00e2nica de maquinaria industrial, maquinaria \u00e0 intemp\u00e9rie, ve\u00edculos, etc\u2026 V\u00e1lida tanto para velocidades<a class=\"moretag\" href=\"https:\/\/winneroil.com\/pt-pt\/produto\/graswin-compleja-ptfe\/\"> &#8230;[+]<\/a><\/p>\n","protected":false},"featured_media":0,"comment_status":"open","ping_status":"closed","template":"","meta":[],"_links":{"self":[{"href":"https:\/\/winneroil.com\/pt-pt\/wp-json\/wp\/v2\/product\/5005"}],"collection":[{"href":"https:\/\/winneroil.com\/pt-pt\/wp-json\/wp\/v2\/product"}],"about":[{"href":"https:\/\/winneroil.com\/pt-pt\/wp-json\/wp\/v2\/types\/product"}],"replies":[{"embeddable":true,"href":"https:\/\/winneroil.com\/pt-pt\/wp-json\/wp\/v2\/comments?post=5005"}],"wp:attachment":[{"href":"https:\/\/winneroil.com\/pt-pt\/wp-json\/wp\/v2\/media?parent=5005"}],"curies":[{"name":"wp","href":"https:\/\/api.w.org\/{rel}","templated":true}]}}