{"id":5004,"date":"2011-08-18T17:12:00","date_gmt":"2011-08-18T15:12:00","guid":{"rendered":"http:\/\/winneroil.com\/producto\/graswin-bentonita\/"},"modified":"2017-06-08T13:23:40","modified_gmt":"2017-06-08T11:23:40","slug":"graswin-bentonita","status":"publish","type":"product","link":"https:\/\/winneroil.com\/pt-pt\/produto\/graswin-bentonita\/","title":{"rendered":"Graswin BENTONITA"},"content":{"rendered":"<p class=\"p1\">Massa de bentone com bissulfureto de molibd\u00e9nio e inegual\u00e1veis propriedades de alta temperatura. A sua especial composi\u00e7\u00e3o proporciona-lhe uma protec\u00e7\u00e3o excepcional para os rolamentos e demais pe\u00e7as m\u00f3veis submetidas a altas rota\u00e7\u00f5es e a extremas temperaturas de operacionalidade (n\u00e3o tem ponto de Gota). Possui uma grande adesividade ao metal, total resist\u00eancia \u00e1 dilui\u00e7\u00e3o por agua, extrema resist\u00eancia de pel\u00edcula e redu\u00e7\u00e3o ao desgaste; entre outras vantagens. Excede o requesito mais extremo e exigente de utiliza\u00e7\u00f5es onde seja necess\u00e1rio produtos da mais alta tecnologia.<\/p>\n","protected":false},"excerpt":{"rendered":"<p>Massa de bentone com bissulfureto de molibd\u00e9nio e inegual\u00e1veis propriedades de alta temperatura. A sua especial composi\u00e7\u00e3o proporciona-lhe uma protec\u00e7\u00e3o excepcional para os rolamentos e demais pe\u00e7as m\u00f3veis<a class=\"moretag\" href=\"https:\/\/winneroil.com\/pt-pt\/produto\/graswin-bentonita\/\"> &#8230;[+]<\/a><\/p>\n","protected":false},"featured_media":0,"comment_status":"open","ping_status":"closed","template":"","meta":[],"_links":{"self":[{"href":"https:\/\/winneroil.com\/pt-pt\/wp-json\/wp\/v2\/product\/5004"}],"collection":[{"href":"https:\/\/winneroil.com\/pt-pt\/wp-json\/wp\/v2\/product"}],"about":[{"href":"https:\/\/winneroil.com\/pt-pt\/wp-json\/wp\/v2\/types\/product"}],"replies":[{"embeddable":true,"href":"https:\/\/winneroil.com\/pt-pt\/wp-json\/wp\/v2\/comments?post=5004"}],"wp:attachment":[{"href":"https:\/\/winneroil.com\/pt-pt\/wp-json\/wp\/v2\/media?parent=5004"}],"curies":[{"name":"wp","href":"https:\/\/api.w.org\/{rel}","templated":true}]}}