{"id":5003,"date":"2011-08-18T17:12:00","date_gmt":"2011-08-18T15:12:00","guid":{"rendered":"http:\/\/winneroil.com\/producto\/graswin-calcio-grafito\/"},"modified":"2017-06-08T13:23:33","modified_gmt":"2017-06-08T11:23:33","slug":"graswin-calcio-grafito","status":"publish","type":"product","link":"https:\/\/winneroil.com\/pt-pt\/produto\/graswin-calcio-grafito\/","title":{"rendered":"Graswin CALCIO + GRAFITO"},"content":{"rendered":"<p class=\"p1\">Massa consistente de sab\u00e3o de c\u00e1lcio de grande qualidade com grafite, com elevada resist\u00eancia \u00e1 agua, para lubrifica\u00e7\u00e3o de sistemasa temperaturas moderadas. Possui caracter\u00edsticas antioxidantes, anticorrosivas e untantes. Possui caracter\u00edsticas EP fisico-qu\u00edmicas.<\/p>\n","protected":false},"excerpt":{"rendered":"<p>Massa consistente de sab\u00e3o de c\u00e1lcio de grande qualidade com grafite, com elevada resist\u00eancia \u00e1 agua, para lubrifica\u00e7\u00e3o de sistemasa temperaturas moderadas. Possui caracter\u00edsticas antioxidantes, anticorrosivas e untantes.<a class=\"moretag\" href=\"https:\/\/winneroil.com\/pt-pt\/produto\/graswin-calcio-grafito\/\"> &#8230;[+]<\/a><\/p>\n","protected":false},"featured_media":0,"comment_status":"open","ping_status":"closed","template":"","meta":[],"_links":{"self":[{"href":"https:\/\/winneroil.com\/pt-pt\/wp-json\/wp\/v2\/product\/5003"}],"collection":[{"href":"https:\/\/winneroil.com\/pt-pt\/wp-json\/wp\/v2\/product"}],"about":[{"href":"https:\/\/winneroil.com\/pt-pt\/wp-json\/wp\/v2\/types\/product"}],"replies":[{"embeddable":true,"href":"https:\/\/winneroil.com\/pt-pt\/wp-json\/wp\/v2\/comments?post=5003"}],"wp:attachment":[{"href":"https:\/\/winneroil.com\/pt-pt\/wp-json\/wp\/v2\/media?parent=5003"}],"curies":[{"name":"wp","href":"https:\/\/api.w.org\/{rel}","templated":true}]}}