{"id":5000,"date":"2011-08-18T17:12:00","date_gmt":"2011-08-18T15:12:00","guid":{"rendered":"http:\/\/winneroil.com\/producto\/graswin-litio-ep\/"},"modified":"2017-06-08T13:23:02","modified_gmt":"2017-06-08T11:23:02","slug":"graswin-litio-ep","status":"publish","type":"product","link":"https:\/\/winneroil.com\/pt-pt\/produto\/graswin-litio-ep\/","title":{"rendered":"Graswin LITIO EP"},"content":{"rendered":"<p class=\"p1\">Massa de sab\u00e3o de litio com aditivos antioxidantes, anticorrosivos e EP, especial para mancais (eixos) e rolamentos. Pode utilizar-se como massa universal em aplica\u00e7\u00f5es de extrema press\u00e3o e onde seja necess\u00e1rio uma massa de grande qualidade.<\/p>\n","protected":false},"excerpt":{"rendered":"<p>Massa de sab\u00e3o de litio com aditivos antioxidantes, anticorrosivos e EP, especial para mancais (eixos) e rolamentos. Pode utilizar-se como massa universal em aplica\u00e7\u00f5es de extrema press\u00e3o e<a class=\"moretag\" href=\"https:\/\/winneroil.com\/pt-pt\/produto\/graswin-litio-ep\/\"> &#8230;[+]<\/a><\/p>\n","protected":false},"featured_media":0,"comment_status":"open","ping_status":"closed","template":"","meta":[],"_links":{"self":[{"href":"https:\/\/winneroil.com\/pt-pt\/wp-json\/wp\/v2\/product\/5000"}],"collection":[{"href":"https:\/\/winneroil.com\/pt-pt\/wp-json\/wp\/v2\/product"}],"about":[{"href":"https:\/\/winneroil.com\/pt-pt\/wp-json\/wp\/v2\/types\/product"}],"replies":[{"embeddable":true,"href":"https:\/\/winneroil.com\/pt-pt\/wp-json\/wp\/v2\/comments?post=5000"}],"wp:attachment":[{"href":"https:\/\/winneroil.com\/pt-pt\/wp-json\/wp\/v2\/media?parent=5000"}],"curies":[{"name":"wp","href":"https:\/\/api.w.org\/{rel}","templated":true}]}}