{"id":4997,"date":"2011-08-18T17:12:00","date_gmt":"2011-08-18T15:12:00","guid":{"rendered":"http:\/\/winneroil.com\/producto\/graswin-compleja-litio-de-cobre\/"},"modified":"2017-06-08T13:22:03","modified_gmt":"2017-06-08T11:22:03","slug":"graswin-compleja-litio-de-cobre","status":"publish","type":"product","link":"https:\/\/winneroil.com\/pt-pt\/produto\/graswin-compleja-litio-de-cobre\/","title":{"rendered":"Graswin COMPLEJA LITIO DE COBRE"},"content":{"rendered":"<p class=\"p1\">Massa de complexo litio, lubrificante, insol\u00favel em \u00e1gua, com cobre micronizado e aditivos espec\u00edficos EP. Alto ponto de gota e boa resist\u00eancia ao cisalhamento. Produto especialmente desenvolvido para a lubrifica\u00e7\u00e3o e manuten\u00e7\u00e3o de ferramentas e sistema de percuss\u00e3o em todo o tipo de martelos hidr\u00e1ulicos. Fabricada a partir de aditivos s\u00f3lidos \u00e1 base de cobre que exer\u00e7em uma excelente ac\u00e7\u00e3o antigripante e lubrificante, mantendo as ferramentas em perfeito estado, inclusive em condi\u00e7\u00f5es mais adversas (temperaturas extremas, presen\u00e7a de \u00e1gua e p\u00f3, posi\u00e7\u00f5es de trabalho for\u00e7ado.<\/p>\n","protected":false},"excerpt":{"rendered":"<p>Massa de complexo litio, lubrificante, insol\u00favel em \u00e1gua, com cobre micronizado e aditivos espec\u00edficos EP. Alto ponto de gota e boa resist\u00eancia ao cisalhamento. Produto especialmente desenvolvido para<a class=\"moretag\" href=\"https:\/\/winneroil.com\/pt-pt\/produto\/graswin-compleja-litio-de-cobre\/\"> &#8230;[+]<\/a><\/p>\n","protected":false},"featured_media":0,"comment_status":"open","ping_status":"closed","template":"","meta":[],"_links":{"self":[{"href":"https:\/\/winneroil.com\/pt-pt\/wp-json\/wp\/v2\/product\/4997"}],"collection":[{"href":"https:\/\/winneroil.com\/pt-pt\/wp-json\/wp\/v2\/product"}],"about":[{"href":"https:\/\/winneroil.com\/pt-pt\/wp-json\/wp\/v2\/types\/product"}],"replies":[{"embeddable":true,"href":"https:\/\/winneroil.com\/pt-pt\/wp-json\/wp\/v2\/comments?post=4997"}],"wp:attachment":[{"href":"https:\/\/winneroil.com\/pt-pt\/wp-json\/wp\/v2\/media?parent=4997"}],"curies":[{"name":"wp","href":"https:\/\/api.w.org\/{rel}","templated":true}]}}