{"id":4995,"date":"2011-08-18T17:12:00","date_gmt":"2011-08-18T15:12:00","guid":{"rendered":"http:\/\/winneroil.com\/producto\/graswin-compleja-sulfonato-de-calcio\/"},"modified":"2017-06-08T13:21:45","modified_gmt":"2017-06-08T11:21:45","slug":"graswin-compleja-sulfonato-de-calcio","status":"publish","type":"product","link":"https:\/\/winneroil.com\/pt-pt\/produto\/graswin-compleja-sulfonato-de-calcio\/","title":{"rendered":"Graswin COMPLEJA SULFONATO DE CALCIO"},"content":{"rendered":"<p class=\"p1\">Massa de complexo de Sulfonato de C\u00e1lcio com aditivos de press\u00e3o extrema, multiusos, imperme\u00e1vel e de alto rendimento. Aplica\u00e7\u00e3o em zonas de altas cargas e ambientes severos (\u00e1gua, p\u00f3, altas temperaturas\u2026). Consiste num sab\u00e3o de complexo de sulfonato de calcio desenvolvido especialmente para melhorar as propriedades de resist\u00eancia \u00e1 agua, capacidade de carga e resist\u00eancia ao calor e corros\u00e3o, mantendo uma excelente capacidade de bombeamento e um bom rendimento a altas velocidades.<\/p>\n","protected":false},"excerpt":{"rendered":"<p>Massa de complexo de Sulfonato de C\u00e1lcio com aditivos de press\u00e3o extrema, multiusos, imperme\u00e1vel e de alto rendimento. Aplica\u00e7\u00e3o em zonas de altas cargas e ambientes severos (\u00e1gua,<a class=\"moretag\" href=\"https:\/\/winneroil.com\/pt-pt\/produto\/graswin-compleja-sulfonato-de-calcio\/\"> &#8230;[+]<\/a><\/p>\n","protected":false},"featured_media":0,"comment_status":"open","ping_status":"closed","template":"","meta":[],"_links":{"self":[{"href":"https:\/\/winneroil.com\/pt-pt\/wp-json\/wp\/v2\/product\/4995"}],"collection":[{"href":"https:\/\/winneroil.com\/pt-pt\/wp-json\/wp\/v2\/product"}],"about":[{"href":"https:\/\/winneroil.com\/pt-pt\/wp-json\/wp\/v2\/types\/product"}],"replies":[{"embeddable":true,"href":"https:\/\/winneroil.com\/pt-pt\/wp-json\/wp\/v2\/comments?post=4995"}],"wp:attachment":[{"href":"https:\/\/winneroil.com\/pt-pt\/wp-json\/wp\/v2\/media?parent=4995"}],"curies":[{"name":"wp","href":"https:\/\/api.w.org\/{rel}","templated":true}]}}