{"id":4994,"date":"2011-08-18T17:12:00","date_gmt":"2011-08-18T15:12:00","guid":{"rendered":"http:\/\/winneroil.com\/producto\/graswin-compleja-de-litio-filante\/"},"modified":"2017-06-08T13:21:37","modified_gmt":"2017-06-08T11:21:37","slug":"graswin-compleja-de-litio-filante","status":"publish","type":"product","link":"https:\/\/winneroil.com\/pt-pt\/produto\/graswin-compleja-de-litio-filante\/","title":{"rendered":"Graswin COMPLEJA DE LITIO + FILANTE"},"content":{"rendered":"<p class=\"p1\">Massa complexo de litio aderente com aditivos EP do tipo f\u00edsico-quimico, antioxidantes e anticorrosivos. Resistente \u00e1 agua doce e salgada, agua quente e vapor. Formulada para a lubrifica\u00e7\u00e3o de mecanismos em maquinaria pesada submetidas a grandes cargas e vibra\u00e7\u00f5es. Lubrifica\u00e7\u00e3o de grandes e m\u00e9dios rolamentos, mancais de deslizamento, casquilhos, articula\u00e7\u00f5es e coroas dentadas a baixa velocidade, etc\u2026<\/p>\n","protected":false},"excerpt":{"rendered":"<p>Massa complexo de litio aderente com aditivos EP do tipo f\u00edsico-quimico, antioxidantes e anticorrosivos. Resistente \u00e1 agua doce e salgada, agua quente e vapor. Formulada para a lubrifica\u00e7\u00e3o<a class=\"moretag\" href=\"https:\/\/winneroil.com\/pt-pt\/produto\/graswin-compleja-de-litio-filante\/\"> &#8230;[+]<\/a><\/p>\n","protected":false},"featured_media":0,"comment_status":"open","ping_status":"closed","template":"","meta":[],"_links":{"self":[{"href":"https:\/\/winneroil.com\/pt-pt\/wp-json\/wp\/v2\/product\/4994"}],"collection":[{"href":"https:\/\/winneroil.com\/pt-pt\/wp-json\/wp\/v2\/product"}],"about":[{"href":"https:\/\/winneroil.com\/pt-pt\/wp-json\/wp\/v2\/types\/product"}],"replies":[{"embeddable":true,"href":"https:\/\/winneroil.com\/pt-pt\/wp-json\/wp\/v2\/comments?post=4994"}],"wp:attachment":[{"href":"https:\/\/winneroil.com\/pt-pt\/wp-json\/wp\/v2\/media?parent=4994"}],"curies":[{"name":"wp","href":"https:\/\/api.w.org\/{rel}","templated":true}]}}