{"id":4993,"date":"2011-08-18T17:12:00","date_gmt":"2011-08-18T15:12:00","guid":{"rendered":"http:\/\/winneroil.com\/producto\/transwin-dot-4\/"},"modified":"2017-06-08T13:16:26","modified_gmt":"2017-06-08T11:16:26","slug":"transwin-dot-4","status":"publish","type":"product","link":"https:\/\/winneroil.com\/pt-pt\/produto\/transwin-dot-4\/","title":{"rendered":"TRANSWIN DOT-4"},"content":{"rendered":"<p class=\"p1\">Flu\u00eddo 100% sint\u00e9tico, desenvolvido com mat\u00e9rias primas de elevada pureza e qualidade, conferindo ao produto uma grande estabilidade qu\u00edmica em altas temperaturas.<\/p>\n","protected":false},"excerpt":{"rendered":"<p>FMVSS 116<br \/>\nUNE 26-109-88 (INTA)<br \/>\nSAE J 1703, ISO 4925<br \/>\nAFNOR NFR 12640<\/p>\n","protected":false},"featured_media":5319,"comment_status":"open","ping_status":"closed","template":"","meta":[],"_links":{"self":[{"href":"https:\/\/winneroil.com\/pt-pt\/wp-json\/wp\/v2\/product\/4993"}],"collection":[{"href":"https:\/\/winneroil.com\/pt-pt\/wp-json\/wp\/v2\/product"}],"about":[{"href":"https:\/\/winneroil.com\/pt-pt\/wp-json\/wp\/v2\/types\/product"}],"replies":[{"embeddable":true,"href":"https:\/\/winneroil.com\/pt-pt\/wp-json\/wp\/v2\/comments?post=4993"}],"wp:featuredmedia":[{"embeddable":true,"href":"https:\/\/winneroil.com\/pt-pt\/wp-json\/wp\/v2\/media\/5319"}],"wp:attachment":[{"href":"https:\/\/winneroil.com\/pt-pt\/wp-json\/wp\/v2\/media?parent=4993"}],"curies":[{"name":"wp","href":"https:\/\/api.w.org\/{rel}","templated":true}]}}