{"id":5344,"date":"2019-01-31T14:21:49","date_gmt":"2019-01-31T13:21:49","guid":{"rendered":"https:\/\/winneroil.com\/politica-de-privacidad\/"},"modified":"2019-01-31T14:21:49","modified_gmt":"2019-01-31T13:21:49","slug":"politica-de-privacidad","status":"publish","type":"page","link":"https:\/\/winneroil.com\/pt-pt\/politica-de-privacidad\/","title":{"rendered":"Pol\u00edtica de privacidad"},"content":{"rendered":"<p>En cumplimiento de lo establecido en el Reglamento (UE) 2016\/679 del Parlamento Europeo y del Consejo de 27 de abril de 2016 relativo a la protecci\u00f3n de las personas f\u00edsicas en lo que respecta al tratamiento de datos personales y a la libre circulaci\u00f3n de estos datos y por el que se deroga la Directiva 95\/46\/CE (Reglamento general de protecci\u00f3n de datos), le informamos de lo siguiente:<\/p>\n<h3><strong>\u00bfQui\u00e9n es el responsable del tratamiento de los datos personales?<\/strong><\/h3>\n<p><strong>\u00a0<\/strong><strong>Trusaco, S.L.<\/strong>, con N.I.F. n\u00famero B50639723, domicilio en Pol\u00edgono Industrial El Campillo C\/Alemania s\/n 50800 Zuera, Zaragoza, tel\u00e9fono 976681309 y email administracion@trusaco.es, en adelante <strong>Trusaco<\/strong>, es el responsable del tratamiento de los datos de car\u00e1cter personal.<\/p>\n<h3><strong>\u00bfCon que finalidad se tratan los datos personales?<\/strong><\/h3>\n<p><strong>Trusaco <\/strong>trata la informaci\u00f3n que le facilita con las siguientes finalidades:<\/p>\n<ul>\n<li>Llevar a cabo la gesti\u00f3n administrativa, fiscal y contable de la empresa.<\/li>\n<li>Resolver las preguntas y consultas planteadas a trav\u00e9s del formulario de contacto de la p\u00e1gina web.<\/li>\n<li>Remitirle informaci\u00f3n comercial con ofertas y promociones sobre nuestros productos.<\/li>\n<\/ul>\n<h3><strong>\u00bfSe enviar\u00e1 informaci\u00f3n comercial?<\/strong><\/h3>\n<p>En determinados formularios de recogida de datos de car\u00e1cter personal, <strong>Trusaco <\/strong>podr\u00e1 recabar el consentimiento de los titulares de los datos para el env\u00edo de comunicaciones comerciales de productos y\/o servicios relacionados con la empresa, a trav\u00e9s del correo electr\u00f3nico o cualquier otro medio.<\/p>\n<h3><strong>\u00bfCu\u00e1l es la legitimaci\u00f3n para utilizar sus datos?<\/strong><\/h3>\n<p>La base legal para el tratamiento de datos de car\u00e1cter personal es el consentimiento prestado por el usuario mediante la aceptaci\u00f3n de nuestra pol\u00edtica de privacidad o la autorizaci\u00f3n para el env\u00edo de informaci\u00f3n comercial. Asimismo, el inter\u00e9s leg\u00edtimo del responsable nos legitima para el tratamiento de sus datos con fines administrativos, fiscales y contables.<\/p>\n<p>Asimismo, garantizamos que los datos personales son tratados de manera l\u00edcita, leal y transparente y, son recogidos con fines determinados, explicitamos y leg\u00edtimos, manteni\u00e9ndose limitados a dichos fines y actualizados si fuera necesario.<\/p>\n<h3><strong>\u00a0<\/strong><strong>\u00bfCu\u00e1l es el tiempo que se conservar\u00e1n los datos de car\u00e1cter personal?<\/strong><\/h3>\n<p>Los datos proporcionados se conservar\u00e1n mientras se mantenga la relaci\u00f3n comercial o durante los a\u00f1os necesarios para cumplir con las obligaciones legales.<\/p>\n<p>Posteriormente, los datos ser\u00e1n suprimidos conforme a lo dispuesto en la normativa en materia de protecci\u00f3n de datos, lo que implica su bloqueo, estando disponibles tan solo a solicitudes de Jueces y Tribunales, Defensor del Pueblo, Ministerio Fiscal o las Administraciones P\u00fablicas competentes durante el plazo de prescripci\u00f3n de acciones que pudieran derivar y, transcurrido este tiempo, se proceder\u00e1 a su completa eliminaci\u00f3n.<\/p>\n<h3><strong>\u00bfA qu\u00e9 destinatarios se comunicar\u00e1n sus datos?<\/strong><\/h3>\n<p>Los datos se ceder\u00e1n a terceros cuando exista una obligaci\u00f3n legal, como, por ejemplo: a los bancos y cajas de ahorro, as\u00ed como a la Administraci\u00f3n Tributaria.<\/p>\n<p>Los datos personales no ser\u00e1n enviados fuera del \u00e1mbito del Espacio Econ\u00f3mico Europeo, por lo que no se producir\u00e1 ninguna transferencia internacional de datos.<\/p>\n<p><strong>\u00a0<\/strong><strong>\u00bfCu\u00e1les son sus derechos cuando facilita su consentimiento?<\/strong><\/p>\n<p>Los afectados, como titulares de sus datos, pueden ejercitar ante <strong>Trusaco<\/strong> los derechos de acceso, rectificaci\u00f3n, supresi\u00f3n, oposici\u00f3n y limitaci\u00f3n al tratamiento de los mismos.<\/p>\n<p>Las personas interesadas tienen derecho a:<\/p>\n<ul>\n<li>Solicitar el acceso a los datos personales relativos al interesado<\/li>\n<li>Solicitar su rectificaci\u00f3n o supresi\u00f3n<\/li>\n<li>Solicitar la limitaci\u00f3n de su tratamiento<\/li>\n<li>Oponerse al tratamiento<\/li>\n<li>Solicitar la portabilidad de los datos<\/li>\n<\/ul>\n<p>Los interesados podr\u00e1n acceder a sus datos personales, as\u00ed como a solicitar la rectificaci\u00f3n de los datos inexactos o, en su caso, solicitar su supresi\u00f3n cuando, entre otros motivos, los datos ya no sean necesarios para los fines que fueron recogidos.<\/p>\n<p>En determinadas circunstancias, los interesados podr\u00e1n solicitar la limitaci\u00f3n del tratamiento de sus datos, en cuyo caso \u00fanicamente se conservar\u00e1n para el ejercicio o la defensa de reclamaciones.<\/p>\n<p>En determinadas circunstancias y por motivos relacionados con su situaci\u00f3n particular, los interesados podr\u00e1n oponerse al tratamiento de sus datos.<strong> Trusaco <\/strong>dejar\u00e1 de tratar los datos, salvo por motivos leg\u00edtimos imperiosos, o el ejercicio o la defensa de posibles reclamaciones. Tambi\u00e9n podr\u00e1n solicitar la portabilidad de sus datos.<\/p>\n<p>Los interesados tambi\u00e9n tendr\u00e1n derecho a la tutela judicial efectiva y a presentar una reclamaci\u00f3n ante la autoridad de control, en este caso, la Agencia Espa\u00f1ola de Protecci\u00f3n de Datos, si consideran que el tratamiento de datos personales que le conciernen infringe el Reglamento.<\/p>\n<p>Para el ejercicio de estos derechos, los titulares pueden dirigirse a <strong>Trusaco<\/strong>, domicilio en Pol. Industrial El Campillo C\/Alemania s\/n 50800 Zuera, Zaragoza, tel\u00e9fono 976681309 y email <a href=\"mailto:administracion@trusaco.es\">administracion@trusaco.es<\/a><\/p>\n<h3><strong>\u00bfC\u00f3mo se han obtenido los datos personales?<\/strong><\/h3>\n<p>Los datos personales que trata <strong>Trusaco<\/strong> se obtienen del propio interesado, cuando se suscribe a la newsletter o a trav\u00e9s del formulario de contacto de la p\u00e1gina web.<\/p>\n<p>Las categor\u00edas de datos personales que se tratan son:<\/p>\n<ul>\n<li>Datos de car\u00e1cter identificativo.<\/li>\n<li>Datos de caracter\u00edsticas personales.<\/li>\n<\/ul>\n<h3><strong>Reclamaci\u00f3n ante la autoridad de control:<\/strong><\/h3>\n<p>Podr\u00e1 presentar reclamaci\u00f3n ante la Autoridad de Control en materia de Protecci\u00f3n de Datos competente, especialmente cuando no haya obtenido satisfacci\u00f3n en el ejercicio de sus derechos, mediante escrito dirigido a la Agencia Espa\u00f1ola de Protecci\u00f3n de Datos, C\/Jorge Juan n.\u00ba 6, 28001 Madrid o bien accediendo a su sede electr\u00f3nica:\u00a0<a href=\"https:\/\/sedeagpd.gob.es\/sede-electronica-web\/\">https:\/\/sedeagpd.gob.es\/sede-electronica-web\/<\/a><\/p>\n<p>&nbsp;<\/p>\n","protected":false},"excerpt":{"rendered":"<p>En cumplimiento de lo establecido en el Reglamento (UE) 2016\/679 del Parlamento Europeo y del Consejo de 27 de abril de 2016 relativo a la protecci\u00f3n de las<a class=\"moretag\" href=\"https:\/\/winneroil.com\/pt-pt\/politica-de-privacidad\/\"> &#8230;[+]<\/a><\/p>\n","protected":false},"author":1,"featured_media":0,"parent":0,"menu_order":98,"comment_status":"closed","ping_status":"closed","template":"","meta":[],"_links":{"self":[{"href":"https:\/\/winneroil.com\/pt-pt\/wp-json\/wp\/v2\/pages\/5344"}],"collection":[{"href":"https:\/\/winneroil.com\/pt-pt\/wp-json\/wp\/v2\/pages"}],"about":[{"href":"https:\/\/winneroil.com\/pt-pt\/wp-json\/wp\/v2\/types\/page"}],"author":[{"embeddable":true,"href":"https:\/\/winneroil.com\/pt-pt\/wp-json\/wp\/v2\/users\/1"}],"replies":[{"embeddable":true,"href":"https:\/\/winneroil.com\/pt-pt\/wp-json\/wp\/v2\/comments?post=5344"}],"version-history":[{"count":0,"href":"https:\/\/winneroil.com\/pt-pt\/wp-json\/wp\/v2\/pages\/5344\/revisions"}],"wp:attachment":[{"href":"https:\/\/winneroil.com\/pt-pt\/wp-json\/wp\/v2\/media?parent=5344"}],"curies":[{"name":"wp","href":"https:\/\/api.w.org\/{rel}","templated":true}]}}