{"id":2690,"date":"2016-01-05T11:50:38","date_gmt":"2016-01-05T10:50:38","guid":{"rendered":"http:\/\/winneroil.com\/pt-pt\/inicio\/"},"modified":"2017-07-20T10:05:51","modified_gmt":"2017-07-20T08:05:51","slug":"inicio","status":"publish","type":"page","link":"https:\/\/winneroil.com\/pt-pt\/","title":{"rendered":"Inicio"},"content":{"rendered":"<p>&nbsp;<\/p>\n<p>Somos una empresa independiente especialistas en la fabricaci\u00f3n de lubricantes, refrigerantes, aerosoles y aditivos para veh\u00edculos a motor.<\/p>\n<p>Nuestro objetivo, conseguir motores m\u00e1s eficientes y ecol\u00f3gicos. Nuestra completa gama de productos WINNER cubre las necesidades de un amplio grupo de usuarios en sectores tan exigentes como el del autom\u00f3vil, naval, O.P y V.I.<\/p>\n<p><a class=\"button\" href=\"https:\/\/winneroil.com\/pt-pt\/companhia\/\">Con\u00f3zcanos<\/a><\/p>\n","protected":false},"excerpt":{"rendered":"<p>&nbsp; Somos una empresa independiente especialistas en la fabricaci\u00f3n de lubricantes, refrigerantes, aerosoles y aditivos para veh\u00edculos a motor. Nuestro objetivo, conseguir motores m\u00e1s eficientes y ecol\u00f3gicos. Nuestra<a class=\"moretag\" href=\"https:\/\/winneroil.com\/pt-pt\/\"> &#8230;[+]<\/a><\/p>\n","protected":false},"author":1,"featured_media":0,"parent":0,"menu_order":0,"comment_status":"closed","ping_status":"closed","template":"page-templates\/home.php","meta":[],"_links":{"self":[{"href":"https:\/\/winneroil.com\/pt-pt\/wp-json\/wp\/v2\/pages\/2690"}],"collection":[{"href":"https:\/\/winneroil.com\/pt-pt\/wp-json\/wp\/v2\/pages"}],"about":[{"href":"https:\/\/winneroil.com\/pt-pt\/wp-json\/wp\/v2\/types\/page"}],"author":[{"embeddable":true,"href":"https:\/\/winneroil.com\/pt-pt\/wp-json\/wp\/v2\/users\/1"}],"replies":[{"embeddable":true,"href":"https:\/\/winneroil.com\/pt-pt\/wp-json\/wp\/v2\/comments?post=2690"}],"version-history":[{"count":6,"href":"https:\/\/winneroil.com\/pt-pt\/wp-json\/wp\/v2\/pages\/2690\/revisions"}],"predecessor-version":[{"id":5138,"href":"https:\/\/winneroil.com\/pt-pt\/wp-json\/wp\/v2\/pages\/2690\/revisions\/5138"}],"wp:attachment":[{"href":"https:\/\/winneroil.com\/pt-pt\/wp-json\/wp\/v2\/media?parent=2690"}],"curies":[{"name":"wp","href":"https:\/\/api.w.org\/{rel}","templated":true}]}}