{"id":2672,"date":"2016-01-05T13:13:56","date_gmt":"2016-01-05T12:13:56","guid":{"rendered":"http:\/\/winneroil.com\/pt-pt\/aviso-legal\/"},"modified":"2019-01-31T14:11:14","modified_gmt":"2019-01-31T13:11:14","slug":"aviso-legal","status":"publish","type":"page","link":"https:\/\/winneroil.com\/pt-pt\/aviso-legal\/","title":{"rendered":"Aviso legal"},"content":{"rendered":"<h3>INFORMACI\u00d3N GENERAL<\/h3>\n<ul>\n<li>Titular del portal: <strong>Trusaco, S.L.<\/strong><\/li>\n<li>Direcci\u00f3n: Pol\u00edgono Industrial el Campillo Calle Alemania, S\/N 50.800 Zuera &#8211; Zaragoza<\/li>\n<li>Contacto: administracion@trusaco.es<\/li>\n<li>N.I. F. B50639723<\/li>\n<li>Inscripci\u00f3n Registro Mercantil<strong>:<\/strong> Registro Mercantil de Zaragoza T.1786, Libro de Soc. F.188, H.Z-16551, Insc,1\u00aa de fecha 15-07-1995<\/li>\n<\/ul>\n<p>Todos los derechos reservados.<\/p>\n<h3>CONDICIONES DE ACCESO Y UTILIZACI\u00d3N DEL PORTAL<\/h3>\n<p>El usuario se compromete a utilizar el portal y los servicios de conformidad con la ley, el presente aviso legal, las condiciones particulares de ciertos servicios, as\u00ed como la moral, buenas costumbres generalmente aceptadas y el orden p\u00fablico.<\/p>\n<p>Este sitio Web le es ofrecido a condici\u00f3n de que usted acepte \u00edntegramente los t\u00e9rminos, condiciones y comunicaciones contenidos en el presente aviso legal. El hecho de que usted use este sitio Web constituye por s\u00ed s\u00f3lo la aceptaci\u00f3n de los mismos.<\/p>\n<h3>LIMITACIONES DE USO<\/h3>\n<p>Usted no est\u00e1 autorizado a modificar, copiar, distribuir, transmitir, divulgar, utilizar, reproducir, publicar, licenciar, ceder, vender ni crear trabajos derivados a partir de la informaci\u00f3n, el software, los productos que pueda obtener de este sitio Web. El uso de este sitio Web con fines ilegales o no autorizados por los presentes t\u00e9rminos, condiciones y comunicaciones queda terminantemente prohibido.<\/p>\n<p>No se asume ninguna responsabilidad del uso que los menores puedan hacer de la misma en casos de que los contenidos a que se acceda puedan herir la sensibilidad de los mismos. La plena responsabilidad en la determinaci\u00f3n de los contenidos y servicios a los que acceden los menores de edad corresponde a los mayores a cuyo cargo se encuentran. Existen mecanismos, en particular programas inform\u00e1ticos de filtro y bloqueo, que permiten limitar los contenidos disponibles, siendo de especial utilidad para controlar y restringir los materiales a los que pueden acceder los menores.<\/p>\n<h3>CONEXIONES CON SITIOS DE TERCEROS<\/h3>\n<p>Este portal pone a disposici\u00f3n de los Usuarios dispositivos t\u00e9cnicos de enlace, directorios y otras herramientas como buscadores, que les permite acceder a sitios web pertenecientes y\/o gestionados por terceros. La instalaci\u00f3n de los mismos tiene por \u00fanico objeto facilitar a los Usuarios el acceso a informaci\u00f3n, contenidos y servicios disponibles en Internet.<\/p>\n<p><strong>Trusaco, S.L.,<\/strong> no asume responsabilidad alguna por la informaci\u00f3n contenida en las p\u00e1ginas web de terceros a las que se pueda acceder por enlaces o buscadores desde nuestras p\u00e1ginas. Sin embargo, se compromete a retirar enlaces en caso de tener conocimiento de la existencia de contenidos il\u00edcitos o que lesionen derechos de terceros.<\/p>\n<p>Se excluye cualquier responsabilidad por los da\u00f1os y perjuicios de toda naturaleza que puedan deberse a la presencia de virus o a la presencia de otros elementos lesivos en los servicios prestados por terceros a trav\u00e9s del portal que puedan producir alteraciones en el sistema inform\u00e1tico, documentos electr\u00f3nicos o ficheros de los usuarios.<\/p>\n<p>La informaci\u00f3n, el software y\/o los productos contenidos en este sitio Web pueden contener errores tipogr\u00e1ficos, imprecisiones e inexactitudes de los que <strong>Trusaco, S.L.\u00a0 <\/strong>no se responsabiliza, tampoco lo har\u00e1 en el caso de que los mismos provengan de p\u00e1ginas de terceros a las que el Usuario accede a trav\u00e9s de los enlaces colocados en nuestro portal.<\/p>\n<h3>DERECHOS DE PROPIEDAD INTELECTUAL<\/h3>\n<p>El usuario reconoce y acepta que todos los derechos sobre el contenido de este sitio web pertenecen a <strong>Trusaco, S.L.\u00a0 <\/strong>y que en consecuencia la modificaci\u00f3n, adaptaci\u00f3n, comunicaci\u00f3n p\u00fablica, distribuci\u00f3n, venta, alquiler y cualquier otro derecho de propiedad intelectual realizado por el usuario sin consentimiento de <strong>Trusaco, S.L.\u00a0 <\/strong>queda prohibido.<\/p>\n<p>Asimismo, <strong>Trusaco, S.L., <\/strong>es titular de los derechos de propiedad industrial derivados de los elementos que integran su p\u00e1gina web o, en cualquier caso, dispone de la correspondiente autorizaci\u00f3n para su utilizaci\u00f3n.<\/p>\n<p>En ning\u00fan caso, <strong>Trusaco, S.L.<\/strong> ser\u00e1 responsable de las posibles infracciones que en esta materia pudiera producir cualquier usuario del portal.<\/p>\n<h3>ACTUALIZACI\u00d3N Y MODIFICACI\u00d3N DE LA P\u00c1GINA WEB<\/h3>\n<p><strong>Trusaco, S.L.\u00a0 <\/strong>se reserva el derecho a actualizar, modificar o eliminar la informaci\u00f3n de esta p\u00e1gina web y su configuraci\u00f3n sin preaviso. De igual forma podr\u00e1 suspender su difusi\u00f3n total o parcialmente y modificar la estructura o contenido de la misma sin previo aviso.<\/p>\n<p>Para la resoluci\u00f3n de problemas o preguntas relacionadas con este sitio Web, por favor p\u00f3ngase en contacto con<strong> Trusaco, S.L.<\/strong>, en la siguiente direcci\u00f3n administracion@trusaco.es<\/p>\n","protected":false},"excerpt":{"rendered":"<p>INFORMACI\u00d3N GENERAL Titular del portal: Trusaco, S.L. Direcci\u00f3n: Pol\u00edgono Industrial el Campillo Calle Alemania, S\/N 50.800 Zuera &#8211; Zaragoza Contacto: administracion@trusaco.es N.I. F. B50639723 Inscripci\u00f3n Registro Mercantil: Registro<a class=\"moretag\" href=\"https:\/\/winneroil.com\/pt-pt\/aviso-legal\/\"> &#8230;[+]<\/a><\/p>\n","protected":false},"author":1,"featured_media":0,"parent":0,"menu_order":98,"comment_status":"closed","ping_status":"closed","template":"","meta":[],"_links":{"self":[{"href":"https:\/\/winneroil.com\/pt-pt\/wp-json\/wp\/v2\/pages\/2672"}],"collection":[{"href":"https:\/\/winneroil.com\/pt-pt\/wp-json\/wp\/v2\/pages"}],"about":[{"href":"https:\/\/winneroil.com\/pt-pt\/wp-json\/wp\/v2\/types\/page"}],"author":[{"embeddable":true,"href":"https:\/\/winneroil.com\/pt-pt\/wp-json\/wp\/v2\/users\/1"}],"replies":[{"embeddable":true,"href":"https:\/\/winneroil.com\/pt-pt\/wp-json\/wp\/v2\/comments?post=2672"}],"version-history":[{"count":2,"href":"https:\/\/winneroil.com\/pt-pt\/wp-json\/wp\/v2\/pages\/2672\/revisions"}],"predecessor-version":[{"id":5338,"href":"https:\/\/winneroil.com\/pt-pt\/wp-json\/wp\/v2\/pages\/2672\/revisions\/5338"}],"wp:attachment":[{"href":"https:\/\/winneroil.com\/pt-pt\/wp-json\/wp\/v2\/media?parent=2672"}],"curies":[{"name":"wp","href":"https:\/\/api.w.org\/{rel}","templated":true}]}}