{"id":2665,"date":"2016-01-08T12:26:24","date_gmt":"2016-01-08T11:26:24","guid":{"rendered":"http:\/\/winneroil.com\/pt-pt\/empresa\/"},"modified":"2017-02-16T14:05:16","modified_gmt":"2017-02-16T13:05:16","slug":"companhia","status":"publish","type":"page","link":"https:\/\/winneroil.com\/pt-pt\/companhia\/","title":{"rendered":"Companhia"},"content":{"rendered":"<p><strong>Trusaco S.L.<\/strong>\u00a0&#8211; Somos una empresa dedicada a la fabricaci\u00f3n de <strong>lubricantes<\/strong>, <strong>grasas<\/strong>, <strong>refrigerantes<\/strong>, <strong>aerosoles<\/strong> y\u00a0<strong>aditivos<\/strong>\u00a0destinados al <strong>sector del autom\u00f3vil e industria<\/strong>.<\/p>\n<p class=\"p1\"><span class=\"s1\">Nuestro objetivo, conseguir <strong>motores mas eficientes<\/strong>, ecol\u00f3gicos y limpios con productos dise\u00f1ados a la medida de las necesidades de nuestros clientes y del mercado.<\/span><\/p>\n<p class=\"p1\"><span class=\"s1\">Conscientes del reto que supone estar a la vanguardia tecnol\u00f3gica, <strong>buscamos la excelencia en toda nuestra cadena de valor<\/strong>, desde la investigaci\u00f3n, producci\u00f3n y comercializaci\u00f3n de nuestros productos y servicios, hasta la relaci\u00f3n con nuestros\u00a0 trabajadores, clientes y proveedores.<\/span><\/p>\n<p><img loading=\"lazy\" class=\"size-full wp-image-2246 alignleft\" src=\"http:\/\/winneroil.com\/wp-content\/uploads\/certificacion-tuv-negro.png\" alt=\"certificacion-tuv-negro\" width=\"80\" height=\"80\" \/>Disponemos de una moderna planta de producci\u00f3n, la cual se encuentra en constante desarrollo, estando nuestros sistemas de calidad y gesti\u00f3n medioambiental <strong>certificados seg\u00fan la norma ISO 9001 y 14001<\/strong>. (<a href=\"https:\/\/winneroil.com\/en\/empresa\/politica-de-calidad\/\">Ver pol\u00edtica de calidad<\/a>)<\/p>\n<p><span class=\"s1\">Nuestra <a href=\"\/mt?page_id=2667\"><strong>completa gama de productos MT<\/strong><\/a> cubre las necesidades de un amplio grupo de usuarios con necesidades diversas, como <strong>turismos, motos, veh\u00edculos industriales, veh\u00edculos agr\u00edcolas y maquinar\u00eda industrial<\/strong> en sectores tan exigentes como el del autom\u00f3vil, naval y obras publicas.<\/span><\/p>\n<p class=\"p1\"><img loading=\"lazy\" class=\"alignnone size-thumbnail wp-image-2054 aligncenter\" src=\"http:\/\/winneroil.com\/wp-content\/uploads\/cropped-favicon-150x150.png\" alt=\"cropped-favicon.png\" width=\"150\" height=\"150\" srcset=\"https:\/\/winneroil.com\/wp-content\/uploads\/cropped-favicon-150x150.png 150w, https:\/\/winneroil.com\/wp-content\/uploads\/cropped-favicon-180x180.png 180w, https:\/\/winneroil.com\/wp-content\/uploads\/cropped-favicon-300x300.png 300w, https:\/\/winneroil.com\/wp-content\/uploads\/cropped-favicon.png 512w\" sizes=\"(max-width: 150px) 100vw, 150px\" \/><\/p>\n<h2 class=\"p1\" style=\"text-align: center;\"><span class=\"s1\">Lubricantes MT<\/span><\/h2>\n<p class=\"p1\" style=\"text-align: center;\"><em><strong><span class=\"s1\">Excelencia para su motor<\/span><\/strong><\/em><\/p>\n","protected":false},"excerpt":{"rendered":"<p>Trusaco S.L.\u00a0&#8211; Somos una empresa dedicada a la fabricaci\u00f3n de lubricantes, grasas, refrigerantes, aerosoles y\u00a0aditivos\u00a0destinados al sector del autom\u00f3vil e industria. Nuestro objetivo, conseguir motores mas eficientes, ecol\u00f3gicos<a class=\"moretag\" href=\"https:\/\/winneroil.com\/pt-pt\/companhia\/\"> &#8230;[+]<\/a><\/p>\n","protected":false},"author":1,"featured_media":4439,"parent":0,"menu_order":10,"comment_status":"closed","ping_status":"closed","template":"","meta":[],"_links":{"self":[{"href":"https:\/\/winneroil.com\/pt-pt\/wp-json\/wp\/v2\/pages\/2665"}],"collection":[{"href":"https:\/\/winneroil.com\/pt-pt\/wp-json\/wp\/v2\/pages"}],"about":[{"href":"https:\/\/winneroil.com\/pt-pt\/wp-json\/wp\/v2\/types\/page"}],"author":[{"embeddable":true,"href":"https:\/\/winneroil.com\/pt-pt\/wp-json\/wp\/v2\/users\/1"}],"replies":[{"embeddable":true,"href":"https:\/\/winneroil.com\/pt-pt\/wp-json\/wp\/v2\/comments?post=2665"}],"version-history":[{"count":3,"href":"https:\/\/winneroil.com\/pt-pt\/wp-json\/wp\/v2\/pages\/2665\/revisions"}],"predecessor-version":[{"id":4207,"href":"https:\/\/winneroil.com\/pt-pt\/wp-json\/wp\/v2\/pages\/2665\/revisions\/4207"}],"wp:featuredmedia":[{"embeddable":true,"href":"https:\/\/winneroil.com\/pt-pt\/wp-json\/wp\/v2\/media\/4439"}],"wp:attachment":[{"href":"https:\/\/winneroil.com\/pt-pt\/wp-json\/wp\/v2\/media?parent=2665"}],"curies":[{"name":"wp","href":"https:\/\/api.w.org\/{rel}","templated":true}]}}